{"id":365,"date":"2016-12-28T15:21:36","date_gmt":"2016-12-28T14:21:36","guid":{"rendered":"http:\/\/www.mirekandrusiewicz.pl\/?page_id=365"},"modified":"2021-08-08T09:15:25","modified_gmt":"2021-08-08T07:15:25","slug":"home-2","status":"publish","type":"page","link":"https:\/\/www.mirekandrusiewicz.pl\/?page_id=365","title":{"rendered":"STRONA G\u0141\u00d3WNA"},"content":{"rendered":"<div id=\"dslc-content\" class=\"dslc-content dslc-clearfix\"><div id=\"dslc-main\">\r\n\t\t\t<div  class=\"dslc-modules-section \" style=\"\" data-section-id=\"680e62f91bf\">\r\n\t\t\t\t\r\n\t\t\t\t\r\n\t\t\t\t<div class=\"dslc-modules-section-wrapper dslc-clearfix\"><div  class=\"dslc-modules-area dslc-col dslc-12-col dslc-last-col dslc-valign-undefined \" data-size=\"12\" data-valign=\"undefined\" data-modules-area-id=\"\" ><style type=\"text\/css\" id=\"dslca-modules-area-\"><\/style>\r\n\t\t<div id=\"dslc-module-7eda7e23940\" class=\"dslc-module-front dslc-module-DSLC_Image dslc-in-viewport-check dslc-in-viewport-anim-none  dslc-col dslc-12-col dslc-last-col  dslc-module-handle-like-regular \" data-module-id=\"7eda7e23940\" data-module=\"DSLC_Image\" data-dslc-module-size=\"12\" data-dslc-anim=\"none\" data-dslc-anim-delay=\"\" data-dslc-anim-duration=\"650\"  data-dslc-anim-easing=\"ease\" data-dslc-preset=\"none\" >\r\n\r\n\t\t\t\r\n\t\t\t\r\n\t\t\t\t<div class=\"dslc-image-container\">\r\n\t\t<div class=\"dslc-image\">\r\n\r\n\t\t\t\r\n\t\t\t\t\r\n\t\t\t\t\t\t\t\t\t<img src=\"https:\/\/www.mirekandrusiewicz.pl\/wp-content\/uploads\/2022\/10\/1.png\" alt=\"\" title=\"\" srcset=\"https:\/\/www.mirekandrusiewicz.pl\/wp-content\/uploads\/2022\/10\/1.png 949w, https:\/\/www.mirekandrusiewicz.pl\/wp-content\/uploads\/2022\/10\/1-300x204.png 300w, https:\/\/www.mirekandrusiewicz.pl\/wp-content\/uploads\/2022\/10\/1-768x521.png 768w, https:\/\/www.mirekandrusiewicz.pl\/wp-content\/uploads\/2022\/10\/1-520x353.png 520w, https:\/\/www.mirekandrusiewicz.pl\/wp-content\/uploads\/2022\/10\/1-740x502.png 740w\" sizes=\"(max-width: 949px) 100vw, 949px\" \/>\r\n\t\t\t\t\r\n\t\t\t\t\t\t\t\t\t<\/div><!-- .dslc-image -->\r\n\t\t<\/div>\r\n\t\t\r\n\t\t\t\t<\/div><!-- .dslc-module -->\r\n\t\t<\/div><\/div><\/div>\r\n\t\t\t<div  class=\"dslc-modules-section \" style=\"padding-top:15px;padding-bottom:15px;background-position:center top;\" data-section-id=\"072dd14d94b\">\r\n\t\t\t\t\r\n\t\t\t\t\r\n\t\t\t\t<div class=\"dslc-modules-section-wrapper dslc-clearfix\"><div  class=\"dslc-modules-area dslc-col dslc-12-col dslc-last-col dslc-valign- \" data-size=\"12\" data-valign=\"\" data-modules-area-id=\"\" ><style type=\"text\/css\" id=\"dslca-modules-area-\"><\/style>\r\n\t\t<div id=\"dslc-module-7d5b7c56cde\" class=\"dslc-module-front dslc-module-DSLC_Html dslc-in-viewport-check dslc-in-viewport-anim-none  dslc-col dslc-12-col dslc-last-col  dslc-module-handle-like-regular \" data-module-id=\"7d5b7c56cde\" data-module=\"DSLC_Html\" data-dslc-module-size=\"12\" data-dslc-anim=\"none\" data-dslc-anim-delay=\"0\" data-dslc-anim-duration=\"650\"  data-dslc-anim-easing=\"ease\" data-dslc-preset=\"none\" >\r\n\r\n\t\t\t\r\n\t\t\t\r\n\t\t<div class=\"dslc-html-module-content\"><a href=\"http:\/\/www.mirekandrusiewicz.pl\/?attachment_id=463\" rel=\"attachment wp-att-463\"><img class=\"alignnone size-thumbnail wp-image-463\" src=\"http:\/\/www.mirekandrusiewicz.pl\/wp-content\/uploads\/2016\/12\/e995e4_f78c2ea86b8d406db2af664e921ffebemv2_d_3096_4128_s_002-150x150.jpg\" alt=\"\" width=\"150\" height=\"150\" \/><\/a> \n<div class=\"otw-row\"><!-- Sidebar -->\r\n<aside class=\"otw-twentyfour otw-columns otw_blog_manager-sidebar icon__small\" id=\"otw-bm-list-1\">\r\n  <ul class=\"bm_clearfix\">\r\n    <li class=\"widget otw_blog_manager-widget-blog-latest left-image bm_clearfix\">\r\n      \n      <ul class=\"bm_clearfix js-widget-list\">\r\n                <li class=\"otw_blog_manager-format-image otw_blog_manager-blog-full  \">\r\n          <!-- Blog Title -->\n<div class=\"otw_blog_manager-blog-title-wrapper otw_blog_manager-format-image\">\n    <h3 class=\"otw_blog_manager-blog-title\"><a href=\"https:\/\/www.mirekandrusiewicz.pl\/?p=664\">please choose from the menu in the top section<\/a><\/h3>\n  <\/div>\n<!-- End Blog Title --><!-- Blog Info -->\n<div class=\"otw_blog_manager-blog-meta-wrapper \">\n  <!-- Post Author -->\n<div class=\"otw_blog_manager-blog-author\">\n    <span class=\"head\">By:<\/span>\n  \n  <a href=\"https:\/\/www.mirekandrusiewicz.pl\/?author=1\" title=\"Posts by Mirek\" rel=\"author\">\n    Mirek  <\/a>\n<\/div>\n<!-- End Post Author --><!-- Post Date -->\n<div class=\"otw_blog_manager-blog-date\">\n  \n    <span class=\"head\">Posted:<\/span>\n  \n  <a href=\"https:\/\/www.mirekandrusiewicz.pl\/?m=20210808\" data-date=\"2021-08-08\">\n    8 sierpnia 2021  <\/a>\n<\/div>\n<!-- END Post Date --><!-- Post Categories -->\n<div class=\"otw_blog_manager-blog-category\">\n    <span class=\"head\">Category:<\/span>\n  \n    <a href=\"https:\/\/www.mirekandrusiewicz.pl\/?cat=11\" rel=\"category\" title=\"View all posts in Bez kategorii\">\n    Bez kategorii  <\/a>\n    <\/div>\n<!-- END Post Categories -->\n<!-- Post Comments -->\n<div class=\"otw_blog_manager-blog-comment\">\n    <span class=\"head\">Comments:<\/span>\n    <a href=\"https:\/\/www.mirekandrusiewicz.pl\/?p=664#respond\" title=\"Comment on please choose from the menu in the top section\">0<\/a>\n<\/div>\n<!-- END Post Comments --><\/div>\n<!-- End Blog Info --><!-- Blog Content -->\n<div class=\"otw_blog_manager-blog-content\">\n  <p>\n      <\/p>\n<\/div>\n<!-- End Blog Content --><div class=\"otw_blog_manager-blog-content\">\n<a href=\"https:\/\/www.mirekandrusiewicz.pl\/?p=664\" class=\"otw_blog_manager-blog-continue-reading\">\n  Continue reading \u2192<\/a>\n<\/div>                  <\/li>\r\n                <li class=\"otw_blog_manager-format-image otw_blog_manager-blog-full  \">\r\n          <!-- Blog Title -->\n<div class=\"otw_blog_manager-blog-title-wrapper otw_blog_manager-format-image\">\n    <h3 class=\"otw_blog_manager-blog-title\"><a href=\"https:\/\/www.mirekandrusiewicz.pl\/?p=520\">III Pozna\u0144skie Dni Cytometrii i Immunopatologii<\/a><\/h3>\n  <\/div>\n<!-- End Blog Title --><!-- Blog Info -->\n<div class=\"otw_blog_manager-blog-meta-wrapper \">\n  <!-- Post Author -->\n<div class=\"otw_blog_manager-blog-author\">\n    <span class=\"head\">By:<\/span>\n  \n  <a href=\"https:\/\/www.mirekandrusiewicz.pl\/?author=1\" title=\"Posts by Mirek\" rel=\"author\">\n    Mirek  <\/a>\n<\/div>\n<!-- End Post Author --><!-- Post Date -->\n<div class=\"otw_blog_manager-blog-date\">\n  \n    <span class=\"head\">Posted:<\/span>\n  \n  <a href=\"https:\/\/www.mirekandrusiewicz.pl\/?m=20180302\" data-date=\"2018-03-02\">\n    2 marca 2018  <\/a>\n<\/div>\n<!-- END Post Date --><!-- Post Categories -->\n<div class=\"otw_blog_manager-blog-category\">\n    <span class=\"head\">Category:<\/span>\n  \n    <a href=\"https:\/\/www.mirekandrusiewicz.pl\/?cat=1\" rel=\"category\" title=\"View all posts in Bez kategorii\">\n    Bez kategorii  <\/a>\n    <\/div>\n<!-- END Post Categories -->\n<!-- Post Comments -->\n<div class=\"otw_blog_manager-blog-comment\">\n    <span class=\"head\">Comments:<\/span>\n    <a href=\"https:\/\/www.mirekandrusiewicz.pl\/?p=520#respond\" title=\"Comment on III Pozna\u0144skie Dni Cytometrii i Immunopatologii\">0<\/a>\n<\/div>\n<!-- END Post Comments --><\/div>\n<!-- End Blog Info --><!-- Blog Content -->\n<div class=\"otw_blog_manager-blog-content\">\n  <p>\n    <br \/>\r\nSzanowni Pa\u0144stwo,<br \/>\r\n<br \/>\r\nserdecznie zapraszamy do udzia\u0142u w III Pozna\u0144skich Dniach Cytometrii i Immunopatologii. Organizatorami konferencji s\u0105 Katedra i Zak\u0142ad Biologii Kom\u00f3rki  <\/p>\n<\/div>\n<!-- End Blog Content --><div class=\"otw_blog_manager-blog-content\">\n<a href=\"https:\/\/www.mirekandrusiewicz.pl\/?p=520\" class=\"otw_blog_manager-blog-continue-reading\">\n  Continue reading \u2192<\/a>\n<\/div>                  <\/li>\r\n                <li class=\"otw_blog_manager-format-image otw_blog_manager-blog-full  \">\r\n          <!-- Blog Title -->\n<div class=\"otw_blog_manager-blog-title-wrapper otw_blog_manager-format-image\">\n    <h3 class=\"otw_blog_manager-blog-title\"><a href=\"https:\/\/www.mirekandrusiewicz.pl\/?p=517\">2018 - marzec - Citation report WoS<\/a><\/h3>\n  <\/div>\n<!-- End Blog Title --><!-- Blog Info -->\n<div class=\"otw_blog_manager-blog-meta-wrapper \">\n  <!-- Post Author -->\n<div class=\"otw_blog_manager-blog-author\">\n    <span class=\"head\">By:<\/span>\n  \n  <a href=\"https:\/\/www.mirekandrusiewicz.pl\/?author=1\" title=\"Posts by Mirek\" rel=\"author\">\n    Mirek  <\/a>\n<\/div>\n<!-- End Post Author --><!-- Post Date -->\n<div class=\"otw_blog_manager-blog-date\">\n  \n    <span class=\"head\">Posted:<\/span>\n  \n  <a href=\"https:\/\/www.mirekandrusiewicz.pl\/?m=20180302\" data-date=\"2018-03-02\">\n    2 marca 2018  <\/a>\n<\/div>\n<!-- END Post Date --><!-- Post Categories -->\n<div class=\"otw_blog_manager-blog-category\">\n    <span class=\"head\">Category:<\/span>\n  \n    <a href=\"https:\/\/www.mirekandrusiewicz.pl\/?cat=1\" rel=\"category\" title=\"View all posts in Bez kategorii\">\n    Bez kategorii  <\/a>\n    <\/div>\n<!-- END Post Categories -->\n<!-- Post Comments -->\n<div class=\"otw_blog_manager-blog-comment\">\n    <span class=\"head\">Comments:<\/span>\n    <a href=\"https:\/\/www.mirekandrusiewicz.pl\/?p=517#respond\" title=\"Comment on 2018 - marzec - Citation report WoS\">0<\/a>\n<\/div>\n<!-- END Post Comments --><\/div>\n<!-- End Blog Info --><!-- Blog Content -->\n<div class=\"otw_blog_manager-blog-content\">\n  <p>\n    A h-Indeks ro\u015bnie ;-)<br \/>\r\n  <\/p>\n<\/div>\n<!-- End Blog Content --><div class=\"otw_blog_manager-blog-content\">\n<a href=\"https:\/\/www.mirekandrusiewicz.pl\/?p=517\" class=\"otw_blog_manager-blog-continue-reading\">\n  Continue reading \u2192<\/a>\n<\/div>                  <\/li>\r\n                <li class=\"otw_blog_manager-format-image otw_blog_manager-blog-full  \">\r\n          <!-- Blog Title -->\n<div class=\"otw_blog_manager-blog-title-wrapper otw_blog_manager-format-image\">\n    <h3 class=\"otw_blog_manager-blog-title\"><a href=\"https:\/\/www.mirekandrusiewicz.pl\/?p=492\">CAPOEIRA - zapisy dla nowych uczestnik\u00f3w ju\u017c 11. wrze\u015bnia<\/a><\/h3>\n  <\/div>\n<!-- End Blog Title --><!-- Blog Info -->\n<div class=\"otw_blog_manager-blog-meta-wrapper \">\n  <!-- Post Author -->\n<div class=\"otw_blog_manager-blog-author\">\n    <span class=\"head\">By:<\/span>\n  \n  <a href=\"https:\/\/www.mirekandrusiewicz.pl\/?author=1\" title=\"Posts by Mirek\" rel=\"author\">\n    Mirek  <\/a>\n<\/div>\n<!-- End Post Author --><!-- Post Date -->\n<div class=\"otw_blog_manager-blog-date\">\n  \n    <span class=\"head\">Posted:<\/span>\n  \n  <a href=\"https:\/\/www.mirekandrusiewicz.pl\/?m=20170906\" data-date=\"2017-09-06\">\n    6 wrze\u015bnia 2017  <\/a>\n<\/div>\n<!-- END Post Date --><!-- Post Categories -->\n<div class=\"otw_blog_manager-blog-category\">\n    <span class=\"head\">Category:<\/span>\n  \n    <a href=\"https:\/\/www.mirekandrusiewicz.pl\/?cat=1\" rel=\"category\" title=\"View all posts in Bez kategorii\">\n    Bez kategorii  <\/a>\n    <\/div>\n<!-- END Post Categories -->\n<!-- Post Comments -->\n<div class=\"otw_blog_manager-blog-comment\">\n    <span class=\"head\">Comments:<\/span>\n    <a href=\"https:\/\/www.mirekandrusiewicz.pl\/?p=492#respond\" title=\"Comment on CAPOEIRA - zapisy dla nowych uczestnik\u00f3w ju\u017c 11. wrze\u015bnia\">0<\/a>\n<\/div>\n<!-- END Post Comments --><\/div>\n<!-- End Blog Info --><!-- Blog Content -->\n<div class=\"otw_blog_manager-blog-content\">\n  <p>\n    oczywi\u015bcie r\u00f3wnie\u017c na facebooku - event<br \/>\r\n<br \/>\r\n  <\/p>\n<\/div>\n<!-- End Blog Content --><div class=\"otw_blog_manager-blog-content\">\n<a href=\"https:\/\/www.mirekandrusiewicz.pl\/?p=492\" class=\"otw_blog_manager-blog-continue-reading\">\n  Continue reading \u2192<\/a>\n<\/div>                  <\/li>\r\n                <li class=\"otw_blog_manager-format-image otw_blog_manager-blog-full  \">\r\n          <!-- Blog Title -->\n<div class=\"otw_blog_manager-blog-title-wrapper otw_blog_manager-format-image\">\n    <h3 class=\"otw_blog_manager-blog-title\"><a href=\"https:\/\/www.mirekandrusiewicz.pl\/?p=487\">Wakacyjne wspomnienia m\u0142odo\u015bci ;-)<\/a><\/h3>\n  <\/div>\n<!-- End Blog Title --><!-- Blog Info -->\n<div class=\"otw_blog_manager-blog-meta-wrapper \">\n  <!-- Post Author -->\n<div class=\"otw_blog_manager-blog-author\">\n    <span class=\"head\">By:<\/span>\n  \n  <a href=\"https:\/\/www.mirekandrusiewicz.pl\/?author=1\" title=\"Posts by Mirek\" rel=\"author\">\n    Mirek  <\/a>\n<\/div>\n<!-- End Post Author --><!-- Post Date -->\n<div class=\"otw_blog_manager-blog-date\">\n  \n    <span class=\"head\">Posted:<\/span>\n  \n  <a href=\"https:\/\/www.mirekandrusiewicz.pl\/?m=20170906\" data-date=\"2017-09-06\">\n    6 wrze\u015bnia 2017  <\/a>\n<\/div>\n<!-- END Post Date --><!-- Post Categories -->\n<div class=\"otw_blog_manager-blog-category\">\n    <span class=\"head\">Category:<\/span>\n  \n    <a href=\"https:\/\/www.mirekandrusiewicz.pl\/?cat=1\" rel=\"category\" title=\"View all posts in Bez kategorii\">\n    Bez kategorii  <\/a>\n    <\/div>\n<!-- END Post Categories -->\n<!-- Post Comments -->\n<div class=\"otw_blog_manager-blog-comment\">\n    <span class=\"head\">Comments:<\/span>\n    <a href=\"https:\/\/www.mirekandrusiewicz.pl\/?p=487#respond\" title=\"Comment on Wakacyjne wspomnienia m\u0142odo\u015bci ;-)\">0<\/a>\n<\/div>\n<!-- END Post Comments --><\/div>\n<!-- End Blog Info --><!-- Blog Content -->\n<div class=\"otw_blog_manager-blog-content\">\n  <p>\n    Takie tam stare wakacje ;-)<br \/>\r\n  <\/p>\n<\/div>\n<!-- End Blog Content --><div class=\"otw_blog_manager-blog-content\">\n<a href=\"https:\/\/www.mirekandrusiewicz.pl\/?p=487\" class=\"otw_blog_manager-blog-continue-reading\">\n  Continue reading \u2192<\/a>\n<\/div>                  <\/li>\r\n                <li class=\"otw_blog_manager-format-image otw_blog_manager-blog-full  \">\r\n          <!-- Blog Title -->\n<div class=\"otw_blog_manager-blog-title-wrapper otw_blog_manager-format-image\">\n    <h3 class=\"otw_blog_manager-blog-title\"><a href=\"https:\/\/www.mirekandrusiewicz.pl\/?p=462\">No to ju\u017c po \u015bwi\u0119tach<\/a><\/h3>\n  <\/div>\n<!-- End Blog Title --><!-- Blog Info -->\n<div class=\"otw_blog_manager-blog-meta-wrapper \">\n  <!-- Post Author -->\n<div class=\"otw_blog_manager-blog-author\">\n    <span class=\"head\">By:<\/span>\n  \n  <a href=\"https:\/\/www.mirekandrusiewicz.pl\/?author=1\" title=\"Posts by Mirek\" rel=\"author\">\n    Mirek  <\/a>\n<\/div>\n<!-- End Post Author --><!-- Post Date -->\n<div class=\"otw_blog_manager-blog-date\">\n  \n    <span class=\"head\">Posted:<\/span>\n  \n  <a href=\"https:\/\/www.mirekandrusiewicz.pl\/?m=20161229\" data-date=\"2016-12-29\">\n    29 grudnia 2016  <\/a>\n<\/div>\n<!-- END Post Date --><!-- Post Categories -->\n<div class=\"otw_blog_manager-blog-category\">\n    <span class=\"head\">Category:<\/span>\n  \n    <a href=\"https:\/\/www.mirekandrusiewicz.pl\/?cat=1\" rel=\"category\" title=\"View all posts in Bez kategorii\">\n    Bez kategorii  <\/a>\n    <\/div>\n<!-- END Post Categories -->\n<!-- Post Comments -->\n<div class=\"otw_blog_manager-blog-comment\">\n    <span class=\"head\">Comments:<\/span>\n    <a href=\"https:\/\/www.mirekandrusiewicz.pl\/?p=462#respond\" title=\"Comment on No to ju\u017c po \u015bwi\u0119tach\">0<\/a>\n<\/div>\n<!-- END Post Comments --><\/div>\n<!-- End Blog Info --><!-- Blog Content -->\n<div class=\"otw_blog_manager-blog-content\">\n  <p>\n     no to \u015bwi\u0119ta i po \u015bwi\u0119tach, a brojenie brojeniem, trzeba si\u0119 zaprzyja\u017ani\u0107 z choink\u0105  <\/p>\n<\/div>\n<!-- End Blog Content --><div class=\"otw_blog_manager-blog-content\">\n<a href=\"https:\/\/www.mirekandrusiewicz.pl\/?p=462\" class=\"otw_blog_manager-blog-continue-reading\">\n  Continue reading \u2192<\/a>\n<\/div>                  <\/li>\r\n              <\/ul>\r\n    <\/li>\r\n  <\/ul>\r\n\r\n  <div class=\"js-otw_blog_manager-widget-pagination-holder\">\r\n      <\/div>\r\n\r\n<\/aside>\r\n<!-- End Sidebar --><\/div>\n<\/div>\r\n\t\t\t\t<\/div><!-- .dslc-module -->\r\n\t\t<\/div><\/div><\/div><\/div><\/div>","protected":false},"excerpt":{"rendered":"<p>please choose from the menu in the top section By: Mirek Posted: 8 sierpnia 2021 Category: Bez kategorii Comments: 0 Continue reading \u2192 III Pozna\u0144skie Dni Cytometrii i Immunopatologii By: Mirek Posted: 2 marca 2018<a class=\"read-more\" href=\"https:\/\/www.mirekandrusiewicz.pl\/?page_id=365\">Continue reading<\/a><\/p>\n","protected":false},"author":1,"featured_media":0,"parent":0,"menu_order":0,"comment_status":"closed","ping_status":"closed","template":"","meta":{"footnotes":""},"class_list":["post-365","page","type-page","status-publish","hentry"],"_links":{"self":[{"href":"https:\/\/www.mirekandrusiewicz.pl\/index.php?rest_route=\/wp\/v2\/pages\/365","targetHints":{"allow":["GET"]}}],"collection":[{"href":"https:\/\/www.mirekandrusiewicz.pl\/index.php?rest_route=\/wp\/v2\/pages"}],"about":[{"href":"https:\/\/www.mirekandrusiewicz.pl\/index.php?rest_route=\/wp\/v2\/types\/page"}],"author":[{"embeddable":true,"href":"https:\/\/www.mirekandrusiewicz.pl\/index.php?rest_route=\/wp\/v2\/users\/1"}],"replies":[{"embeddable":true,"href":"https:\/\/www.mirekandrusiewicz.pl\/index.php?rest_route=%2Fwp%2Fv2%2Fcomments&post=365"}],"version-history":[{"count":2,"href":"https:\/\/www.mirekandrusiewicz.pl\/index.php?rest_route=\/wp\/v2\/pages\/365\/revisions"}],"predecessor-version":[{"id":594,"href":"https:\/\/www.mirekandrusiewicz.pl\/index.php?rest_route=\/wp\/v2\/pages\/365\/revisions\/594"}],"wp:attachment":[{"href":"https:\/\/www.mirekandrusiewicz.pl\/index.php?rest_route=%2Fwp%2Fv2%2Fmedia&parent=365"}],"curies":[{"name":"wp","href":"https:\/\/api.w.org\/{rel}","templated":true}]}}