{"id":595,"date":"2021-08-08T09:16:19","date_gmt":"2021-08-08T07:16:19","guid":{"rendered":"https:\/\/www.mirekandrusiewicz.pl\/?page_id=595"},"modified":"2022-06-25T12:07:53","modified_gmt":"2022-06-25T10:07:53","slug":"home-3","status":"publish","type":"page","link":"https:\/\/www.mirekandrusiewicz.pl\/?page_id=595&lang=en","title":{"rendered":"HOME"},"content":{"rendered":"<div id=\"dslc-theme-content\"><div id=\"dslc-theme-content-inner\"><div id=\"dslc-content\" class=\"dslc-content dslc-clearfix\">\n<div id=\"dslc-main\">\n<div  class=\"dslc-modules-section \" style=\"\" data-section-id=\"683bb7267dd\">\n<div class=\"dslc-modules-section-wrapper dslc-clearfix\">\n<style type=\"text\/css\" id=\"dslca-modules-area-\"><\/style>\n<div  class=\"dslc-modules-area dslc-col dslc-12-col dslc-last-col dslc-valign- \" data-size=\"12\" data-valign=\"\" data-modules-area-id=\"\" >\n<div id=\"dslc-module-5ed31b2e78c\" class=\"dslc-module-front dslc-module-DSLC_Blog dslc-in-viewport-check dslc-in-viewport-anim-none  dslc-col dslc-12-col dslc-last-col  dslc-module-handle-like-regular \" data-module-id=\"5ed31b2e78c\" data-module=\"DSLC_Blog\" data-dslc-module-size=\"12\" data-dslc-anim=\"none\" data-dslc-anim-delay=\"0\" data-dslc-anim-duration=\"650\"  data-dslc-anim-easing=\"ease\" data-dslc-preset=\"none\" >\n<div class=\"dslc-posts dslc-blog-posts dslc-clearfix dslc-blog-posts-type-grid dslc-posts-orientation-vertical dslc-init-grid \">\r\n\t\t\t\r\n\t\t\t\r\n\t\t<div class=\"dslc-posts-inner\">\r\n\t<div class=\"dslc-post dslc-blog-post dslc-col dslc-3-col  dslc-first-col dslc-post-no-thumb dslc-post-format-standard\" data-cats=\"bez-kategorii-pl \">\r\n\r\n\t\r\n\t\t\t\t\t\t\t\t\r\n\t\t\t\t\t\t\t\r\n\t\t\t\t\t\t\t\r\n\t\t\t\t\t\t\t\t<div class=\"dslc-post-main dslc-blog-post-main\">\r\n\r\n\t\t\t\t\t\t\t\t\t\r\n\t\t\t\t\t\t\t\t\t\r\n\t\t\t\t\t\t\t\t\t\t<div class=\"dslc-blog-post-title\">\r\n\t\t\t\t\t\t\t\t\t\t\t<h2><a href=\"https:\/\/www.mirekandrusiewicz.pl\/?p=664\">please choose from the menu in the top section<\/a><\/h2>\r\n\t\t\t\t\t\t\t\t\t\t<\/div><!-- .dslc-blog-post-title -->\r\n\r\n\t\t\t\t\t\t\t\t\t\r\n\t\t\t\t\t\t\t\t\t\r\n\t\t\t\t\t\t\t\t\t\t\r\n\t\t\t\t\t\t\t\t\t\t<div class=\"dslc-blog-post-meta\">\r\n\r\n\t\t\t\t\t\t\t\t\t\t\t\t\t\t\t\t\t\t\t\t\t\t\t<div class=\"dslc-blog-post-meta-author \">\r\n\t\t\t\t\t\t\t\t\t\t\t\t\t<span class=\"dslc-blog-post-meta-avatar\">\r\n\t\t\t\t\t\t\t\t\t\t\t\t\t\t<img alt='' src='https:\/\/secure.gravatar.com\/avatar\/c2aa275bfe67ed9caadaa45fe45638a417c3c69eee30eee598c67d7212cd1802?s=100&#038;d=mm&#038;r=g' srcset='https:\/\/secure.gravatar.com\/avatar\/c2aa275bfe67ed9caadaa45fe45638a417c3c69eee30eee598c67d7212cd1802?s=200&#038;d=mm&#038;r=g 2x' class='avatar avatar-100 photo' height='100' width='100' \/>\t\t\t\t\t\t\t\t\t\t\t\t\t<\/span>\r\n\t\t\t\t\t\t\t\t\t\t\t\t\tBy <a href=\"https:\/\/www.mirekandrusiewicz.pl\/?author=1\" title=\"Wpisy od Mirek\" rel=\"author\">Mirek<\/a>\t\t\t\t\t\t\t\t\t\t\t\t<\/div><!-- .dslc-blog-post-meta-author -->\r\n\t\t\t\t\t\t\t\t\t\t\t\r\n\t\t\t\t\t\t\t\t\t\t\t\t\t\t\t\t\t\t\t\t\t\t\t<div class=\"dslc-blog-post-meta-date \">\r\n\t\t\t\t\t\t\t\t\t\t\t\t\t8 sierpnia 2021\t\t\t\t\t\t\t\t\t\t\t\t<\/div><!-- .dslc-blog-post-meta-date -->\r\n\t\t\t\t\t\t\t\t\t\t\t\r\n\t\t\t\t\t\t\t\t\t\t\t\r\n\t\t\t\t\t\t\t\t\t\t\t<div class=\"clearfix\"><\/div>\r\n\r\n\t\t\t\t\t\t\t\t\t\t\t<div class=\"meta-category\">\r\n\t\t\t\t\t\t\t\t\t\t\t\t\t\t\t\t\t\t\t\t\t\t\t\t\t\t\t\t\t\t\t\t\t\t\t<\/div>\r\n\r\n\t\t\t\t\t\t\t\t\t\t<\/div><!-- .dslc-blog-post-meta -->\r\n\t\t\t\t\t\t\t\t\t\t\r\n\t\t\t\t\t\t\t\t\t\r\n\t\t\t\t\t\t\t\t\t\r\n\t\t\t\t\t\t\t\t\t\t<div class=\"dslc-blog-post-excerpt\">\r\n\t\t\t\t\t\t\t\t\t\t\t\t\t\t\t\t\t\t\t\t\t\t\t\t\t\t\t\t\t\t\t\t\t\t\t\t\t\t\t\t\t\t\t\t<\/div><!-- .dslc-blog-post-excerpt -->\r\n\r\n\t\t\t\t\t\t\t\t\t\r\n\t\t\t\t\t\t\t\t\t\r\n\t\t\t\t\t\t\t\t\t\t<div class=\"dslc-blog-post-read-more\">\r\n\t\t\t\t\t\t\t\t\t\t\t<a href=\"https:\/\/www.mirekandrusiewicz.pl\/?p=664\">\r\n\t\t\t\t\t\t\t\t\t\t\t\t\t\t\t\t\t\t\t\t\t\t\t\t\t<span class=\"dslc-icon dslc-icon-\"><\/span>\t\r\n\t\t\t\t\t\t\t\t\t\t\t\t\t\t\t\t\t\t\t\t\t\t\t\tCONTINUE READING\t\t\t\t\t\t\t\t\t\t\t<\/a>\r\n\t\t\t\t\t\t\t\t\t\t<\/div><!-- .dslc-blog-post-read-more -->\r\n\r\n\t\t\t\t\t\t\t\t\t\r\n\t\t\t\t\t\t\t\t<\/div><!-- .blog-post-main -->\r\n\r\n\t\t\t\t\t\t\t\t\r\n\t\t\t\t\t\t\t\t\r\n\t\t\t\t\t\t\t\r\n\t\t\t\t\t\t<\/div><!-- .dslc-blog-post -->\r\n\r\n\t\t\t\t\t\t\r\n\t\t\t\t\t\t\r\n\t<div class=\"dslc-post dslc-blog-post dslc-col dslc-3-col  dslc-post-no-thumb dslc-post-format-standard\" data-cats=\"bez-kategorii \">\r\n\r\n\t\r\n\t\t\t\t\t\t\t\t\r\n\t\t\t\t\t\t\t\r\n\t\t\t\t\t\t\t\r\n\t\t\t\t\t\t\t\t<div class=\"dslc-post-main dslc-blog-post-main\">\r\n\r\n\t\t\t\t\t\t\t\t\t\r\n\t\t\t\t\t\t\t\t\t\r\n\t\t\t\t\t\t\t\t\t\t<div class=\"dslc-blog-post-title\">\r\n\t\t\t\t\t\t\t\t\t\t\t<h2><a href=\"https:\/\/www.mirekandrusiewicz.pl\/?p=520\">III Pozna\u0144skie Dni Cytometrii i Immunopatologii<\/a><\/h2>\r\n\t\t\t\t\t\t\t\t\t\t<\/div><!-- .dslc-blog-post-title -->\r\n\r\n\t\t\t\t\t\t\t\t\t\r\n\t\t\t\t\t\t\t\t\t\r\n\t\t\t\t\t\t\t\t\t\t\r\n\t\t\t\t\t\t\t\t\t\t<div class=\"dslc-blog-post-meta\">\r\n\r\n\t\t\t\t\t\t\t\t\t\t\t\t\t\t\t\t\t\t\t\t\t\t\t<div class=\"dslc-blog-post-meta-author \">\r\n\t\t\t\t\t\t\t\t\t\t\t\t\t<span class=\"dslc-blog-post-meta-avatar\">\r\n\t\t\t\t\t\t\t\t\t\t\t\t\t\t<img alt='' src='https:\/\/secure.gravatar.com\/avatar\/c2aa275bfe67ed9caadaa45fe45638a417c3c69eee30eee598c67d7212cd1802?s=100&#038;d=mm&#038;r=g' srcset='https:\/\/secure.gravatar.com\/avatar\/c2aa275bfe67ed9caadaa45fe45638a417c3c69eee30eee598c67d7212cd1802?s=200&#038;d=mm&#038;r=g 2x' class='avatar avatar-100 photo' height='100' width='100' \/>\t\t\t\t\t\t\t\t\t\t\t\t\t<\/span>\r\n\t\t\t\t\t\t\t\t\t\t\t\t\tBy <a href=\"https:\/\/www.mirekandrusiewicz.pl\/?author=1\" title=\"Wpisy od Mirek\" rel=\"author\">Mirek<\/a>\t\t\t\t\t\t\t\t\t\t\t\t<\/div><!-- .dslc-blog-post-meta-author -->\r\n\t\t\t\t\t\t\t\t\t\t\t\r\n\t\t\t\t\t\t\t\t\t\t\t\t\t\t\t\t\t\t\t\t\t\t\t<div class=\"dslc-blog-post-meta-date \">\r\n\t\t\t\t\t\t\t\t\t\t\t\t\t2 marca 2018\t\t\t\t\t\t\t\t\t\t\t\t<\/div><!-- .dslc-blog-post-meta-date -->\r\n\t\t\t\t\t\t\t\t\t\t\t\r\n\t\t\t\t\t\t\t\t\t\t\t\r\n\t\t\t\t\t\t\t\t\t\t\t<div class=\"clearfix\"><\/div>\r\n\r\n\t\t\t\t\t\t\t\t\t\t\t<div class=\"meta-category\">\r\n\t\t\t\t\t\t\t\t\t\t\t\t\t\t\t\t\t\t\t\t\t\t\t\t\t\t\t\t\t\t\t\t\t\t\t<\/div>\r\n\r\n\t\t\t\t\t\t\t\t\t\t<\/div><!-- .dslc-blog-post-meta -->\r\n\t\t\t\t\t\t\t\t\t\t\r\n\t\t\t\t\t\t\t\t\t\r\n\t\t\t\t\t\t\t\t\t\r\n\t\t\t\t\t\t\t\t\t\t<div class=\"dslc-blog-post-excerpt\">\r\n\t\t\t\t\t\t\t\t\t\t\t\t\t\t\t\t\t\t\t\t\t\t\tSzanowni Pa\u0144stwo, serdecznie zapraszamy do udzia\u0142u w III Pozna\u0144skich Dniach Cytometrii i Immunopatologii. Organizatorami konferencji s\u0105 Katedra i Zak\u0142ad Biologii&hellip;\t\t\t\t\t\t\t\t\t\t\t\t\t\t\t\t\t\t\t\t\t<\/div><!-- .dslc-blog-post-excerpt -->\r\n\r\n\t\t\t\t\t\t\t\t\t\r\n\t\t\t\t\t\t\t\t\t\r\n\t\t\t\t\t\t\t\t\t\t<div class=\"dslc-blog-post-read-more\">\r\n\t\t\t\t\t\t\t\t\t\t\t<a href=\"https:\/\/www.mirekandrusiewicz.pl\/?p=520\">\r\n\t\t\t\t\t\t\t\t\t\t\t\t\t\t\t\t\t\t\t\t\t\t\t\t\t<span class=\"dslc-icon dslc-icon-\"><\/span>\t\r\n\t\t\t\t\t\t\t\t\t\t\t\t\t\t\t\t\t\t\t\t\t\t\t\tCONTINUE READING\t\t\t\t\t\t\t\t\t\t\t<\/a>\r\n\t\t\t\t\t\t\t\t\t\t<\/div><!-- .dslc-blog-post-read-more -->\r\n\r\n\t\t\t\t\t\t\t\t\t\r\n\t\t\t\t\t\t\t\t<\/div><!-- .blog-post-main -->\r\n\r\n\t\t\t\t\t\t\t\t\r\n\t\t\t\t\t\t\t\t\r\n\t\t\t\t\t\t\t\r\n\t\t\t\t\t\t<\/div><!-- .dslc-blog-post -->\r\n\r\n\t\t\t\t\t\t\r\n\t\t\t\t\t\t\r\n\t<div class=\"dslc-post dslc-blog-post dslc-col dslc-3-col  dslc-post-no-thumb dslc-post-format-standard\" data-cats=\"bez-kategorii \">\r\n\r\n\t\r\n\t\t\t\t\t\t\t\t\r\n\t\t\t\t\t\t\t\r\n\t\t\t\t\t\t\t\r\n\t\t\t\t\t\t\t\t<div class=\"dslc-post-main dslc-blog-post-main\">\r\n\r\n\t\t\t\t\t\t\t\t\t\r\n\t\t\t\t\t\t\t\t\t\r\n\t\t\t\t\t\t\t\t\t\t<div class=\"dslc-blog-post-title\">\r\n\t\t\t\t\t\t\t\t\t\t\t<h2><a href=\"https:\/\/www.mirekandrusiewicz.pl\/?p=517\">2018 - marzec - Citation report WoS<\/a><\/h2>\r\n\t\t\t\t\t\t\t\t\t\t<\/div><!-- .dslc-blog-post-title -->\r\n\r\n\t\t\t\t\t\t\t\t\t\r\n\t\t\t\t\t\t\t\t\t\r\n\t\t\t\t\t\t\t\t\t\t\r\n\t\t\t\t\t\t\t\t\t\t<div class=\"dslc-blog-post-meta\">\r\n\r\n\t\t\t\t\t\t\t\t\t\t\t\t\t\t\t\t\t\t\t\t\t\t\t<div class=\"dslc-blog-post-meta-author \">\r\n\t\t\t\t\t\t\t\t\t\t\t\t\t<span class=\"dslc-blog-post-meta-avatar\">\r\n\t\t\t\t\t\t\t\t\t\t\t\t\t\t<img alt='' src='https:\/\/secure.gravatar.com\/avatar\/c2aa275bfe67ed9caadaa45fe45638a417c3c69eee30eee598c67d7212cd1802?s=100&#038;d=mm&#038;r=g' srcset='https:\/\/secure.gravatar.com\/avatar\/c2aa275bfe67ed9caadaa45fe45638a417c3c69eee30eee598c67d7212cd1802?s=200&#038;d=mm&#038;r=g 2x' class='avatar avatar-100 photo' height='100' width='100' \/>\t\t\t\t\t\t\t\t\t\t\t\t\t<\/span>\r\n\t\t\t\t\t\t\t\t\t\t\t\t\tBy <a href=\"https:\/\/www.mirekandrusiewicz.pl\/?author=1\" title=\"Wpisy od Mirek\" rel=\"author\">Mirek<\/a>\t\t\t\t\t\t\t\t\t\t\t\t<\/div><!-- .dslc-blog-post-meta-author -->\r\n\t\t\t\t\t\t\t\t\t\t\t\r\n\t\t\t\t\t\t\t\t\t\t\t\t\t\t\t\t\t\t\t\t\t\t\t<div class=\"dslc-blog-post-meta-date \">\r\n\t\t\t\t\t\t\t\t\t\t\t\t\t2 marca 2018\t\t\t\t\t\t\t\t\t\t\t\t<\/div><!-- .dslc-blog-post-meta-date -->\r\n\t\t\t\t\t\t\t\t\t\t\t\r\n\t\t\t\t\t\t\t\t\t\t\t\r\n\t\t\t\t\t\t\t\t\t\t\t<div class=\"clearfix\"><\/div>\r\n\r\n\t\t\t\t\t\t\t\t\t\t\t<div class=\"meta-category\">\r\n\t\t\t\t\t\t\t\t\t\t\t\t\t\t\t\t\t\t\t\t\t\t\t\t\t\t\t\t\t\t\t\t\t\t\t<\/div>\r\n\r\n\t\t\t\t\t\t\t\t\t\t<\/div><!-- .dslc-blog-post-meta -->\r\n\t\t\t\t\t\t\t\t\t\t\r\n\t\t\t\t\t\t\t\t\t\r\n\t\t\t\t\t\t\t\t\t\r\n\t\t\t\t\t\t\t\t\t\t<div class=\"dslc-blog-post-excerpt\">\r\n\t\t\t\t\t\t\t\t\t\t\t\t\t\t\t\t\t\t\t\t\t\t\tA h-Indeks ro\u015bnie \ud83d\ude09\t\t\t\t\t\t\t\t\t\t\t\t\t\t\t\t\t\t\t\t\t<\/div><!-- .dslc-blog-post-excerpt -->\r\n\r\n\t\t\t\t\t\t\t\t\t\r\n\t\t\t\t\t\t\t\t\t\r\n\t\t\t\t\t\t\t\t\t\t<div class=\"dslc-blog-post-read-more\">\r\n\t\t\t\t\t\t\t\t\t\t\t<a href=\"https:\/\/www.mirekandrusiewicz.pl\/?p=517\">\r\n\t\t\t\t\t\t\t\t\t\t\t\t\t\t\t\t\t\t\t\t\t\t\t\t\t<span class=\"dslc-icon dslc-icon-\"><\/span>\t\r\n\t\t\t\t\t\t\t\t\t\t\t\t\t\t\t\t\t\t\t\t\t\t\t\tCONTINUE READING\t\t\t\t\t\t\t\t\t\t\t<\/a>\r\n\t\t\t\t\t\t\t\t\t\t<\/div><!-- .dslc-blog-post-read-more -->\r\n\r\n\t\t\t\t\t\t\t\t\t\r\n\t\t\t\t\t\t\t\t<\/div><!-- .blog-post-main -->\r\n\r\n\t\t\t\t\t\t\t\t\r\n\t\t\t\t\t\t\t\t\r\n\t\t\t\t\t\t\t\r\n\t\t\t\t\t\t<\/div><!-- .dslc-blog-post -->\r\n\r\n\t\t\t\t\t\t\r\n\t\t\t\t\t\t\r\n\t<div class=\"dslc-post dslc-blog-post dslc-col dslc-3-col  dslc-last-col dslc-post-no-thumb dslc-post-format-image\" data-cats=\"bez-kategorii \">\r\n\r\n\t\r\n\t\t\t\t\t\t\t\t\r\n\t\t\t\t\t\t\t\r\n\t\t\t\t\t\t\t\r\n\t\t\t\t\t\t\t\t<div class=\"dslc-post-main dslc-blog-post-main\">\r\n\r\n\t\t\t\t\t\t\t\t\t\r\n\t\t\t\t\t\t\t\t\t\r\n\t\t\t\t\t\t\t\t\t\t<div class=\"dslc-blog-post-title\">\r\n\t\t\t\t\t\t\t\t\t\t\t<h2><a href=\"https:\/\/www.mirekandrusiewicz.pl\/?p=492\">CAPOEIRA - zapisy dla nowych uczestnik\u00f3w ju\u017c 11. wrze\u015bnia<\/a><\/h2>\r\n\t\t\t\t\t\t\t\t\t\t<\/div><!-- .dslc-blog-post-title -->\r\n\r\n\t\t\t\t\t\t\t\t\t\r\n\t\t\t\t\t\t\t\t\t\r\n\t\t\t\t\t\t\t\t\t\t\r\n\t\t\t\t\t\t\t\t\t\t<div class=\"dslc-blog-post-meta\">\r\n\r\n\t\t\t\t\t\t\t\t\t\t\t\t\t\t\t\t\t\t\t\t\t\t\t<div class=\"dslc-blog-post-meta-author \">\r\n\t\t\t\t\t\t\t\t\t\t\t\t\t<span class=\"dslc-blog-post-meta-avatar\">\r\n\t\t\t\t\t\t\t\t\t\t\t\t\t\t<img alt='' src='https:\/\/secure.gravatar.com\/avatar\/c2aa275bfe67ed9caadaa45fe45638a417c3c69eee30eee598c67d7212cd1802?s=100&#038;d=mm&#038;r=g' srcset='https:\/\/secure.gravatar.com\/avatar\/c2aa275bfe67ed9caadaa45fe45638a417c3c69eee30eee598c67d7212cd1802?s=200&#038;d=mm&#038;r=g 2x' class='avatar avatar-100 photo' height='100' width='100' \/>\t\t\t\t\t\t\t\t\t\t\t\t\t<\/span>\r\n\t\t\t\t\t\t\t\t\t\t\t\t\tBy <a href=\"https:\/\/www.mirekandrusiewicz.pl\/?author=1\" title=\"Wpisy od Mirek\" rel=\"author\">Mirek<\/a>\t\t\t\t\t\t\t\t\t\t\t\t<\/div><!-- .dslc-blog-post-meta-author -->\r\n\t\t\t\t\t\t\t\t\t\t\t\r\n\t\t\t\t\t\t\t\t\t\t\t\t\t\t\t\t\t\t\t\t\t\t\t<div class=\"dslc-blog-post-meta-date \">\r\n\t\t\t\t\t\t\t\t\t\t\t\t\t6 wrze\u015bnia 2017\t\t\t\t\t\t\t\t\t\t\t\t<\/div><!-- .dslc-blog-post-meta-date -->\r\n\t\t\t\t\t\t\t\t\t\t\t\r\n\t\t\t\t\t\t\t\t\t\t\t\r\n\t\t\t\t\t\t\t\t\t\t\t<div class=\"clearfix\"><\/div>\r\n\r\n\t\t\t\t\t\t\t\t\t\t\t<div class=\"meta-category\">\r\n\t\t\t\t\t\t\t\t\t\t\t\t\t\t\t\t\t\t\t\t\t\t\t\t\t\t\t\t\t\t\t\t\t\t\t<\/div>\r\n\r\n\t\t\t\t\t\t\t\t\t\t<\/div><!-- .dslc-blog-post-meta -->\r\n\t\t\t\t\t\t\t\t\t\t\r\n\t\t\t\t\t\t\t\t\t\r\n\t\t\t\t\t\t\t\t\t\r\n\t\t\t\t\t\t\t\t\t\t<div class=\"dslc-blog-post-excerpt\">\r\n\t\t\t\t\t\t\t\t\t\t\t\t\t\t\t\t\t\t\t\t\t\t\toczywi\u015bcie r\u00f3wnie\u017c na facebooku - event [embed]http:\/\/asc.poznan.pl\/wp\/[\/embed]\t\t\t\t\t\t\t\t\t\t\t\t\t\t\t\t\t\t\t\t\t<\/div><!-- .dslc-blog-post-excerpt -->\r\n\r\n\t\t\t\t\t\t\t\t\t\r\n\t\t\t\t\t\t\t\t\t\r\n\t\t\t\t\t\t\t\t\t\t<div class=\"dslc-blog-post-read-more\">\r\n\t\t\t\t\t\t\t\t\t\t\t<a href=\"https:\/\/www.mirekandrusiewicz.pl\/?p=492\">\r\n\t\t\t\t\t\t\t\t\t\t\t\t\t\t\t\t\t\t\t\t\t\t\t\t\t<span class=\"dslc-icon dslc-icon-\"><\/span>\t\r\n\t\t\t\t\t\t\t\t\t\t\t\t\t\t\t\t\t\t\t\t\t\t\t\tCONTINUE READING\t\t\t\t\t\t\t\t\t\t\t<\/a>\r\n\t\t\t\t\t\t\t\t\t\t<\/div><!-- .dslc-blog-post-read-more -->\r\n\r\n\t\t\t\t\t\t\t\t\t\r\n\t\t\t\t\t\t\t\t<\/div><!-- .blog-post-main -->\r\n\r\n\t\t\t\t\t\t\t\t\r\n\t\t\t\t\t\t\t\t\r\n\t\t\t\t\t\t\t\r\n\t\t\t\t\t\t<\/div><!-- .dslc-blog-post -->\r\n\r\n\t\t\t\t\t\t\r\n\t\t\t\t\t\t<\/div><!-- .dslc-posts-inner -->\r\n\t\t\t\r\n\t\t\t\r\n\t<\/div><!-- .dslc-blog-posts --><\/div>\n<p><!-- .dslc-module -->\n\t\t<\/div>\n<\/div>\n<\/div>\n<div  class=\"dslc-modules-section \" style=\"\" data-section-id=\"683bb7267dd\">\n<div class=\"dslc-modules-section-wrapper dslc-clearfix\">\n<style type=\"text\/css\" id=\"dslca-modules-area-\"><\/style>\n<div  class=\"dslc-modules-area dslc-col dslc-12-col dslc-last-col dslc-valign- \" data-size=\"12\" data-valign=\"\" data-modules-area-id=\"\" >\n<div id=\"dslc-module-4a79ee64d11\" class=\"dslc-module-front dslc-module-DSLC_Image dslc-in-viewport-check dslc-in-viewport-anim-none  dslc-col dslc-12-col dslc-last-col  dslc-module-handle-like-regular \" data-module-id=\"4a79ee64d11\" data-module=\"DSLC_Image\" data-dslc-module-size=\"12\" data-dslc-anim=\"none\" data-dslc-anim-delay=\"\" data-dslc-anim-duration=\"650\"  data-dslc-anim-easing=\"ease\" data-dslc-preset=\"none\" >\n<div class=\"dslc-image-container\">\n<div class=\"dslc-image\">\n<p>\t\t\t\t\t\t\t\t\t<img decoding=\"async\" src=\"https:\/\/www.mirekandrusiewicz.pl\/wp-content\/uploads\/2017\/09\/Beznazwy-1-scaled.jpg\" alt=\"\" title=\"\" srcset=\"https:\/\/www.mirekandrusiewicz.pl\/wp-content\/uploads\/2017\/09\/Beznazwy-1-scaled.jpg 2560w, https:\/\/www.mirekandrusiewicz.pl\/wp-content\/uploads\/2017\/09\/Beznazwy-1-300x218.jpg 300w, https:\/\/www.mirekandrusiewicz.pl\/wp-content\/uploads\/2017\/09\/Beznazwy-1-1024x743.jpg 1024w, https:\/\/www.mirekandrusiewicz.pl\/wp-content\/uploads\/2017\/09\/Beznazwy-1-768x557.jpg 768w, https:\/\/www.mirekandrusiewicz.pl\/wp-content\/uploads\/2017\/09\/Beznazwy-1-1536x1114.jpg 1536w, https:\/\/www.mirekandrusiewicz.pl\/wp-content\/uploads\/2017\/09\/Beznazwy-1-2048x1485.jpg 2048w, https:\/\/www.mirekandrusiewicz.pl\/wp-content\/uploads\/2017\/09\/Beznazwy-1-520x377.jpg 520w, https:\/\/www.mirekandrusiewicz.pl\/wp-content\/uploads\/2017\/09\/Beznazwy-1-740x537.jpg 740w\" sizes=\"(max-width: 2560px) 100vw, 2560px\" \/><\/p><\/div>\n<p><!-- .dslc-image -->\n\t\t<\/div>\n<\/p><\/div>\n<p><!-- .dslc-module -->\n\t\t<\/div>\n<\/div>\n<\/div>\n<\/div>\n<\/div>\n<\/div><\/div>","protected":false},"excerpt":{"rendered":"","protected":false},"author":1,"featured_media":0,"parent":0,"menu_order":0,"comment_status":"closed","ping_status":"closed","template":"","meta":{"footnotes":""},"class_list":["post-595","page","type-page","status-publish","hentry"],"_links":{"self":[{"href":"https:\/\/www.mirekandrusiewicz.pl\/index.php?rest_route=\/wp\/v2\/pages\/595","targetHints":{"allow":["GET"]}}],"collection":[{"href":"https:\/\/www.mirekandrusiewicz.pl\/index.php?rest_route=\/wp\/v2\/pages"}],"about":[{"href":"https:\/\/www.mirekandrusiewicz.pl\/index.php?rest_route=\/wp\/v2\/types\/page"}],"author":[{"embeddable":true,"href":"https:\/\/www.mirekandrusiewicz.pl\/index.php?rest_route=\/wp\/v2\/users\/1"}],"replies":[{"embeddable":true,"href":"https:\/\/www.mirekandrusiewicz.pl\/index.php?rest_route=%2Fwp%2Fv2%2Fcomments&post=595"}],"version-history":[{"count":3,"href":"https:\/\/www.mirekandrusiewicz.pl\/index.php?rest_route=\/wp\/v2\/pages\/595\/revisions"}],"predecessor-version":[{"id":697,"href":"https:\/\/www.mirekandrusiewicz.pl\/index.php?rest_route=\/wp\/v2\/pages\/595\/revisions\/697"}],"wp:attachment":[{"href":"https:\/\/www.mirekandrusiewicz.pl\/index.php?rest_route=%2Fwp%2Fv2%2Fmedia&parent=595"}],"curies":[{"name":"wp","href":"https:\/\/api.w.org\/{rel}","templated":true}]}}