{"id":634,"date":"2021-08-08T09:49:21","date_gmt":"2021-08-08T07:49:21","guid":{"rendered":"https:\/\/www.mirekandrusiewicz.pl\/?page_id=634"},"modified":"2025-10-09T07:36:31","modified_gmt":"2025-10-09T05:36:31","slug":"foreing-research-papers","status":"publish","type":"page","link":"https:\/\/www.mirekandrusiewicz.pl\/?page_id=634&lang=en","title":{"rendered":"Foreing research papers"},"content":{"rendered":"<div id=\"dslc-theme-content\"><div id=\"dslc-theme-content-inner\">\n<ol style=\"list-style-type:1\" class=\"wp-block-list\">\n<li>Jendraszak, M., &amp; <strong>Andrusiewicz, M.<\/strong> (2025). Uncovering hidden connections: the role of the male reproductive system microbiome and gut microorganisms in implantation: a critical review.\u00a0<em>Critical reviews in clinical laboratory sciences<\/em>, 1\u201331. <a href=\"https:\/\/doi.org\/10.1080\/10408363.2025.2562894\">10.1080\/10408363.2025.2562894<\/a><\/li>\n\n\n\n<li>Wojciechowska, O., Jourdes, M., <strong>Andrusiewicz, M.<\/strong>, Pokrzywa, M., Kara\u017aniewicz-\u0141ada, M., Jodynis-Liebert, J., et al. Oenological tannins mitigate rotenone-induced mitochondrial impairments and oxidative stress, with concomitant detection of urolithin A in the brain. <em>Biochemistry and Biophysics Reports<\/em>. 2025;44:102263. <a href=\"https:\/\/doi.org\/10.1016\/j.bbrep.2025.102263\">10.1016\/j.bbrep.2025.102263<\/a><\/li>\n\n\n\n<li>Janusz, P., Tok\u0142owicz, M., <strong>Andrusiewicz, M.<\/strong>, Kotwicki, T., &amp; Kotwicka, M. (2025). LBX1, ESR1, and ESR2 genes DNA methylation level in idiopathic scoliosis. Scientific reports, 15(1), 32089, <a href=\"https:\/\/doi.org\/10.1038\/s41598-025-15804-0\">10.1038\/s41598-025-15804-0<\/a><\/li>\n\n\n\n<li>Kowalska, W.; Tuczy\u0144ska, M.; Kwiatkowski, J.; Komisarek, O.; Mojs, E.; <strong>Andrusiewicz, M<\/strong>.; Szczapa, T.; Samborski, W.; Sikorska, D.; Baum, E.; et al. Feeding Challenges in Early Infancy: The Role of Reflexes, Muscle Tone, and Developmental Milestones. <em>PeerJ<\/em> <strong>2025<\/strong>, <em>13<\/em>, e19777, <a href=\"https:\/\/doi.org\/10.7717\/peerj.19777\">10.7717\/peerj.19777<\/a>.<\/li>\n\n\n\n<li>G\u00f3recki, M., \u017bbikowska, A., Tok\u0142owicz, M., Sajdak, S., Englert-Golon, M., <strong>Andrusiewicz, M<\/strong>. Hsa-miR-21-5p and Hsa-miR-145-5p Expression: From Normal Tissue to Malignant Changes-Context-Dependent Correlation with Estrogen- and Hypoxia-Vascularization-Related Pathways Genes: A Pilot Study. <em>Int J Mol Sci.<\/em> <strong>2025 <\/strong>May 7;26(9):4461<strong>.<\/strong> <a href=\"https:\/\/doi.org\/10.3390\/ijms26094461\">10.3390\/ijms26094461<\/a>.<\/li>\n\n\n\n<li>Derwich-Rudowicz, A., \u017bbikowska, A., Rucha\u0142a, M., <strong>Andrusiewicz, M.<\/strong>, Moskal, J., Sawicka-Gutaj, N. MicroRNA Is Downregulated in Invasive Non-Functioning Pituitary Adenomas. <em>Int J Mol Sci.<\/em> <strong>2025<\/strong> May 6;26(9):4408. <a href=\"https:\/\/doi.org\/10.3390\/ijms26094408\">10.3390\/ijms26094408<\/a>.<\/li>\n\n\n\n<li>Nowogrodzka, A.;<strong> Andrusiewicz, M.<\/strong>; Mojs, E. Psychological Determinants of Conflict with the Law and Susceptibility to Rehabilitation in Relation to the Presence of Symptoms of Attention Deficit Hyperactivity Disorder. Brain Sci. 2025, Vol. 15, Page 141 <strong>2025<\/strong>, 15, 141. <a href=\"https:\/\/doi.org\/10.3390\/brainsci15020141\">10.3390\/brainsci15020141<\/a><\/li>\n\n\n\n<li>B\u0119dziechowska-Czy\u017cewska, M.; Malak, R.; Romanowski, M.; <strong>Andrusiewicz, M<\/strong>.; Samborski, W.; Baum, E. Postural Differences in Speaking Versus Non-Speaking Children with Autism Spectrum Disorder. Children <strong>2025<\/strong>, 12, 145. <a href=\"https:\/\/doi.org\/10.3390\/children12020145\">10.3390\/children12020145<\/a>Kulinska, K.I.; Wierzbicka, M.; Dera-Szymanowska, A.; Szymanowski, K.; <strong>Andrusiewicz, M.<\/strong>; Wo\u0142u\u0144-Cholewa, M. Potential Modulatory Role of Phoenixin-14 in Epithelial\u2013Mesenchymal Transition of Endometriotic 12Z Cells. <em>Biomedicines<\/em> <strong>2025<\/strong>, <em>13<\/em>, 158, doi: <a href=\"https:\/\/doi.org\/10.3390\/biomedicines13010158\">10.3390\/biomedicines13010158<\/a><\/li>\n\n\n\n<li>Ko\u0142acka, A.; Matthews-Kozancecka, M.; Komisarek, O.; Kwiatkowski, J.; Domagalska, A.; Samborski, W.; Mojs, E.; <strong>Andrusiewicz, M<\/strong>.; Malak, R. Understanding Parental Satisfaction in Caring for Children with Cerebral Palsy. <em>Healthcare<\/em> <strong>2025<\/strong>, <em>13<\/em>, 110, doi: <a href=\"https:\/\/doi.org\/10.3390\/healthcare13020110\">10.3390\/healthcare13020110<\/a><\/li>\n\n\n\n<li>Stefaniak-Preis, U.; Kaczmarek, A.; Andrusiewicz, M.; Roszak, M.; Trzeszczy\u0144ska, N.; Samborski, W.; Mojs, E.; Malak, R. First Diagnostic Questionnaire for Assessing Patients\u2019 Social Functioning: Comprehensive DDX3X Syndrome Patient Profile. <em>J. Clin. Med.<\/em> <strong>2024<\/strong>, <em>13<\/em>, 7842, doi: <a href=\"https:\/\/doi.org\/10.3390\/jcm13247842\">10.3390\/jcm13247842<\/a><\/li>\n\n\n\n<li>Banach, W.; Banach, P.; Szweda, H.; Wi\u015bniewski, A.; <strong>Andrusiewicz, M<\/strong>.; Gurynowicz, I.; Szepieniec, W.K.; Szymanowski, P. Ovarian Teratoma-Associated Anti-NMDAR Encephalitis in Women with First-Time Neuropsychiatric Symptoms: A Meta-Analysis and Systematic Review of Reported Cases. <em>Heliyon<\/em> <strong>2024<\/strong>, <em>10<\/em>, e36042, doi: <a href=\"https:\/\/doi.org\/10.1016\/j.heliyon.2024.e36042\">10.1016\/j.heliyon.2024.e36042<\/a><\/li>\n\n\n\n<li>G\u0142\u00f3wka A.K., Kowal\u00f3wka M., Burchardt P., Komosa A., Kruszyna \u0141., <strong>Andrusiewicz M.<\/strong>, Przys\u0142awski J., Kara\u017aniewicz-\u0141ada, M. Selected Psychosocial Factors, Nutritional Behavior, and the Analysis of Concentrations of Selected Vitamins in Patients with Cardiovascular Diseases. <em>Nutr. 2024, Vol. 16, Page 1866<\/em> <strong>2024<\/strong>, <em>16<\/em>, 1866. doi: <a href=\"https:\/\/doi.org\/10.3390\/nu16121866\">10.3390\/nu16121866<\/a>.<\/li>\n\n\n\n<li>Jendraszak M, Skibi\u0144ska I, Kotwicka M, <strong>Andrusiewicz M<\/strong>. The Elusive Male Microbiome: Revealing the Link between the Genital Microbiota and Fertility. Critical Review and Future Perspectives. <em>Crit. Rev. Clin. Lab. Sci.<\/em> <strong>2024<\/strong>, 1\u201329, doi: <a href=\"https:\/\/doi.org\/10.1080\/10408363.2024.2331489\">10.1080\/10408363.2024.2331489<\/a>.<\/li>\n\n\n\n<li>Walczak-Sztulpa J, Wawrocka A, Kuszel \u0141, Pietras P, Le\u015bniczak-Staszak M, <strong>Andrusiewicz M,<\/strong> Krawczy\u0144ski M.R, Latos-Biele\u0144ska A, Pawlak M, Grenda R, Materna-Kiryluk A, Oud M.M, Szaflarski W. Ciliary Phenotyping in Renal Epithelial Cells in a Cranioectodermal Dysplasia Patient with WDR35 Variants. <em>Front. Mol. Biosci.<\/em> <strong>2023<\/strong>, <em>10<\/em>, 1285790, doi: <a href=\"https:\/\/doi.org\/10.3389\/fmolb.2023.1285790\">10.3389\/FMOLB.2023.1285790<\/a>.<\/li>\n\n\n\n<li>Kuli\u0144ska KI, Sza\u0142kowska S, <strong>Andrusiewicz M<\/strong>, Kotwicka M, Billert H. The effect of local anaesthetics on apoptosis and NETosis of human neutrophils in vitro: comparison between lidocaine and ropivacaine. Hum Cell. 2023 Aug 17. doi: <a href=\"https:\/\/doi.org\/10.1007\/s13577-023-00963-x\">10.1007\/s13577-023-00963-x<\/a><\/li>\n\n\n\n<li>Tok\u0142owicz M, \u017bbikowska, A, Janusz P, Kotwicki T, <strong>Andrusiewicz M,<\/strong> Kotwicka M. MicroRNA Expression Profile Analysis in Human Skeletal Muscle Tissue: Selection of Critical Reference. <em>Biomed. Pharmacother.<\/em> <strong>2023<\/strong>, <em>162<\/em>, 114682, <a href=\"https:\/\/doi.org\/10.1016\/j.biopha.2023.114682\">10.1016\/J.BIOPHA.2023.114682<\/a><\/li>\n\n\n\n<li>Derwich A, Sykutera M, Bromi\u0144ska B, <strong>Andrusiewicz M,<\/strong> Rucha\u0142a M, Sawicka-Gutaj N. Clinical Implications of MTOR Expression in Papillary Thyroid Cancer-A Systematic Review. <em>Cancers (Basel).<\/em> <strong>2023<\/strong>, <em>15<\/em>, 1665, <a href=\"https:\/\/doi.org\/10.3390\/cancers15061665\">10.3390\/CANCERS15061665<\/a><\/li>\n\n\n\n<li>Skibi\u0144ska I, <strong>Andrusiewicz M<\/strong>, Jendraszak M, \u017bbikowska A, J\u0119drzejczak P, Kotwicka M. Expression of estrogen receptors, PELP1, and SRC in human spermatozoa and their associations with semen quality. <em>Hum. Cell<\/em> <strong>2022<\/strong>. <a rel=\"noreferrer noopener\" href=\"https:\/\/doi.org\/10.1007\/s13577-022-00847-6\" target=\"_blank\">10.1007\/s13577-022-00847-6<\/a><\/li>\n\n\n\n<li>Jendraszak M, Ga\u0142\u0119cka M, Kotwicka M, Schwiertz A, Regdos A, Pazgrat-Patan M, <strong>Andrusiewicz M<\/strong>. Impact of Biometric Patient Data, Probiotic Supplementation, and Selected Gut Microorganisms on Calprotectin, Zonulin, and sIgA Concentrations in the Stool of Adults Aged 18\u201374 Years. <em>Biomol 2022, Vol 12, Page 1781<\/em> (2022) 12:1781. <a href=\"https:\/\/doi.org\/10.3390\/BIOM12121781\">https:\/\/doi.org\/10.3390\/BIOM12121781<\/a><\/li>\n\n\n\n<li>Englert-Golon M, Tok\u0142owicz M, \u017bbikowska A, Sajdak S, Kotwicka M, <strong>Andrusiewicz<\/strong> M. Differential expression of HIF1A, EPAS1, and VEGF genes in benign and malignant ovarian neoplasia. Cancers 2022;14, 4899. <a href=\"https:\/\/doi.org\/10.3390\/cancers14194899\">https:\/\/doi.org\/10.3390\/cancers14194899<\/a>.<\/li>\n\n\n\n<li>Janusz P, Tok\u0142owicz M, <strong>Andrusiewicz<\/strong>, Kotwicka, Kotwicki. Association of LBX1 gene methylation level with disease severity in patients with idiopathic scoliosis: study on deep paravertebral muscles. Genes (Basel) 2022;13. <a href=\"https:\/\/doi.org\/10.3390\/genes13091556\">https:\/\/doi.org\/10.3390\/genes13091556<\/a>.<\/li>\n\n\n\n<li>Kotwicki T, Tomaszewski M, <strong>Andrusiewicz<\/strong> M, \u015aliwa A, Rusin B, Kotwicka M. Estrogen Receptor Type 1 and Type 2 Presence in Paravertebral Skeletal Muscles: Expression Level and Relation to Phenotype in Children with Idiopathic Scoliosis. Genes (Basel) 2022;13. <a href=\"https:\/\/doi.org\/10.3390\/GENES13050739\" target=\"_blank\" rel=\"noreferrer noopener\">https:\/\/doi.org\/10.3390\/GENES13050739<\/a>.<\/li>\n\n\n\n<li>Englert-Golon M, <strong>Andrusiewicz<\/strong> M, \u017bbikowska A, Chmielewska M, Sajdak S, Kotwicka M. Altered Expression of ESR1, ESR2, PELP1 and c-SRC Genes Is Associated with Ovarian Cancer Manifestation. Int J Mol Sci 2021;22:6216. <a href=\"https:\/\/doi.org\/10.3390\/ijms22126216\" target=\"_blank\" rel=\"noreferrer noopener\">https:\/\/doi.org\/10.3390\/ijms22126216<\/a>.<\/li>\n\n\n\n<li>Jendraszak M, Ga\u0142\u0119cka M, Kotwicka M, Regdos A, Pazgrat-Patan M, <strong>Andrusiewicz<\/strong> M. Commercial microbiota test revealed differences in the composition of intestinal microorganisms between children with autism spectrum disorders and neurotypical peers. Sci Rep 2021;11. <a href=\"https:\/\/doi.org\/10.1038\/S41598-021-03794-8\" target=\"_blank\" rel=\"noreferrer noopener\">https:\/\/doi.org\/10.1038\/S41598-021-03794-8<\/a>.<\/li>\n\n\n\n<li>Sawicka\u2011Gutaj N, Shawkat S, <strong>Andrusiewicz<\/strong> M, Zi\u00f3\u0142kowska P, Czarnywojtek A, Gut P, et al. EZH2 and SMYD3 expression in papillary thyroid cancer. Oncol Lett 2021;21. <a href=\"https:\/\/doi.org\/10.3892\/OL.2021.12603\" target=\"_blank\" rel=\"noreferrer noopener\">https:\/\/doi.org\/10.3892\/OL.2021.12603<\/a>.<\/li>\n\n\n\n<li>Janusz P, Chmielewska M, <strong>Andrusiewicz<\/strong> M, Kotwicka M, Kotwicki T. Methylation of Estrogen Receptor 1 Gene in the Paraspinal Muscles of Girls with Idiopathic Scoliosis and Its Association with Disease Severity. Genes (Basel) 2021;12. <a href=\"https:\/\/doi.org\/10.3390\/GENES12060790\" target=\"_blank\" rel=\"noreferrer noopener\">https:\/\/doi.org\/10.3390\/GENES12060790<\/a>.<\/li>\n\n\n\n<li>Mamzer H, Zok A, Bia\u0142as P, <strong>Andrusiewicz<\/strong> M. Negative psychological aspects of working with experimental animals in scientific research. PeerJ 2021;9. <a href=\"https:\/\/doi.org\/10.7717\/PEERJ.11035\/SUPP-3\" target=\"_blank\" rel=\"noreferrer noopener\">https:\/\/doi.org\/10.7717\/PEERJ.11035\/SUPP-3<\/a>.<\/li>\n\n\n\n<li>Kulinska KI, <strong>Andrusiewicz<\/strong> M, Dera-Szymanowska A, Billert M, Skrzypski M, Szymanowski K, et al. Phoenixin as a New Target in the Development of Strategies for Endometriosis Diagnosis and Treatment. Biomedicines 2021;9. <a href=\"https:\/\/doi.org\/10.3390\/BIOMEDICINES9101427\" target=\"_blank\" rel=\"noreferrer noopener\">https:\/\/doi.org\/10.3390\/BIOMEDICINES9101427<\/a>.<\/li>\n\n\n\n<li>Borysiak K, Janusz P, <strong>Andrusiewicz<\/strong> M, Chmielewska M, Kozinoga M, Kotwicki T, et al. CHD7 gene polymorphisms in female patients with idiopathic scoliosis. BMC Musculoskelet Disord 2020;21:18. <a href=\"https:\/\/doi.org\/10.1186\/s12891-019-3031-0\" target=\"_blank\" rel=\"noreferrer noopener\">https:\/\/doi.org\/10.1186\/s12891-019-3031-0<\/a>.<\/li>\n\n\n\n<li>Chmielewska M, Janusz P, <strong>Andrusiewicz<\/strong> M, Kotwicki T, Kotwicka M. Methylation of estrogen receptor 2 (ESR2) in deep paravertebral muscles and its association with idiopathic scoliosis. Sci Rep 2020;10. <a href=\"https:\/\/doi.org\/10.1038\/S41598-020-78454-4\" target=\"_blank\" rel=\"noreferrer noopener\">https:\/\/doi.org\/10.1038\/S41598-020-78454-4<\/a>.<\/li>\n\n\n\n<li><strong>Andrusiewicz<\/strong> M, Harasymczuk P, Janusz P, Biecek P, \u017bbikowska A, Kotwicka M, et al. TIMP2 Polymorphisms Association With Curve Initiation and Progression of Thoracic Idiopathic Scoliosis in the Caucasian Females. J Orthop Res 2019;37:2217\u201325. <a href=\"https:\/\/doi.org\/10.1002\/jor.24380\" target=\"_blank\" rel=\"noreferrer noopener\">https:\/\/doi.org\/10.1002\/jor.24380<\/a>.<\/li>\n\n\n\n<li>Sawicka-Gutaj N, <strong>Andrusiewicz<\/strong> M, Czarnywojtek A, Walig\u00f3rska-Stachura J, Biczysko M, Skrobisz J, et al. Changes of Nicotinamide Phosphoribosyltransferase Expressions in Thyroid Glands of Patients with Different Thyroid Pathologies. Biomed Res Int 2018;2018. <a href=\"https:\/\/doi.org\/10.1155\/2018\/1316390\" target=\"_blank\" rel=\"noreferrer noopener\">https:\/\/doi.org\/10.1155\/2018\/1316390<\/a>.<\/li>\n\n\n\n<li>Skibi\u0144ska I, <strong>Andrusiewicz<\/strong> M, Soin M, Jendraszak M, Urbaniak P, Jedrzejczak P, et al. Increased expression of PELP1 in human sperm is correlated with decreased semen quality. Asian J Androl 2018;20:425. <a href=\"https:\/\/doi.org\/10.4103\/aja.aja_11_18\" target=\"_blank\" rel=\"noreferrer noopener\">https:\/\/doi.org\/10.4103\/aja.aja_11_18<\/a>.<\/li>\n\n\n\n<li>Zybek-Kocik A, Sawicka-Gutaj N, Szczepanek-Parulska E, <strong>Andrusiewicz<\/strong> M, Walig\u00f3rska-Stachura J, Bia\u0142as P, et al. The association between irisin and muscle metabolism in different thyroid disorders. Clin Endocrinol (Oxf) 2017;88:460\u20137.<a href=\"https:\/\/doi.org\/10.1111\/cen.13527\" target=\"_blank\" rel=\"noreferrer noopener\"> https:\/\/doi.org\/10.1111\/cen.13527<\/a>.<\/li>\n\n\n\n<li><strong>Andrusiewicz<\/strong> M, Skibi\u0144ska I, G\u0105siorowska E, Bia\u0142as P, Kotwicka M. Fluorescence resonance energy transfer usage to track the sequence promoter changes in CGB5 gene in ovarian cancer patients. Biomed Pharmacother 2017;90:139\u201346. <a href=\"https:\/\/doi.org\/10.1016\/j.biopha.2017.02.113\" target=\"_blank\" rel=\"noreferrer noopener\">https:\/\/doi.org\/10.1016\/j.biopha.2017.02.113<\/a>.<\/li>\n\n\n\n<li>Walig\u00f3rska-Stachura J, Sawicka-Gutaj N, Zabel M, <strong>Andrusiewicz<\/strong> M, Gut P, Czarnywojtek A, et al. Survivin DEx3 as a biomarker of thyroid cancers: A study at the mRNA and protein level. Oncol Lett 2017;13:2437\u201341. <a href=\"https:\/\/doi.org\/10.3892\/ol.2017.5713\" target=\"_blank\" rel=\"noreferrer noopener\">https:\/\/doi.org\/10.3892\/ol.2017.5713<\/a>.<\/li>\n\n\n\n<li>Skibinska I, Tomaszewski M, <strong>Andrusiewicz<\/strong> M, Urbaniak P, Czarnecka-Klos R, Shadi M, et al. Expression of Estrogen Receptor Coactivator Proline-, Glutamic Acid- and Leucine-Rich Protein 1 within Paraspinal Muscles in Adolescents with Idiopathic Scoliosis. PLoS One 2016;11:e0152286. <a href=\"https:\/\/doi.org\/10.1371\/journal.pone.0152286\" target=\"_blank\" rel=\"noreferrer noopener\">https:\/\/doi.org\/10.1371\/journal.pone.0152286<\/a>.<\/li>\n\n\n\n<li><strong>Andrusiewicz<\/strong> M, S\u0142owikowski B, Skibi\u0144ska I, Wo\u0142u\u0144-Cholewa M, Dera-Szymanowska A. Selection of reliable reference genes in eutopic and ectopic endometrium for quantitative expression studies. Biomed Pharmacother 2016;78:66\u201373. <a href=\"https:\/\/doi.org\/10.1016\/j.biopha.2015.12.028\" target=\"_blank\" rel=\"noreferrer noopener\">https:\/\/doi.org\/10.1016\/j.biopha.2015.12.028<\/a>.<\/li>\n\n\n\n<li>Szczerba A, Adamska K, Warchol W, <strong>Andrusiewicz<\/strong> M, Nowak-Markwitz E, Jankowska A. Evaluation of CGB, GNRH1, MET and KRT19 Genes Expression Profile as a Circulating Tumor Cells Marker in Blood of Cancer Patients. J Mol Biomark Diagn 2015;s6:1\u20138. <a href=\"https:\/\/doi.org\/10.4172\/2155-9929.S6-004\" target=\"_blank\" rel=\"noreferrer noopener\">https:\/\/doi.org\/10.4172\/2155-9929.S6-004<\/a>.<\/li>\n\n\n\n<li>Walig\u00f3rska-Stachura J, <strong>Andrusiewicz<\/strong> M, Sawicka-Gutaj N, Kubiczak M, Jankowska A, Liebert W, et al. Evaluation of survivin splice variants in pituitary tumors. Pituitary 2015;18:410\u20136. <a href=\"https:\/\/doi.org\/10.1007\/s11102-014-0590-9\" target=\"_blank\" rel=\"noreferrer noopener\">https:\/\/doi.org\/10.1007\/s11102-014-0590-9<\/a>.<\/li>\n\n\n\n<li>Sawicka-Gutaj N, Walig\u00f3rska-Stachura J, <strong>Andrusiewicz<\/strong> M, Biczysko M, Sowi\u0144ski J, Skrobisz J, et al. Nicotinamide phosphorybosiltransferase overexpression in thyroid malignancies and its correlation with tumor stage and with survivin\/survivin DEx3 expression. Tumor Biol 2015;36:7859\u201363. <a href=\"https:\/\/doi.org\/10.1007\/s13277-015-3506-z\" target=\"_blank\" rel=\"noreferrer noopener\">https:\/\/doi.org\/10.1007\/s13277-015-3506-z<\/a>.<\/li>\n\n\n\n<li>Kotwicki T, Janusz P, <strong>Andrusiewicz<\/strong> M, Chmielewska M, Kotwicka M. Estrogen receptor 2 gene polymorphism in idiopathic scoliosis. Spine (Phila Pa 1976) 2014;39:E1599\u2013607. <a href=\"https:\/\/doi.org\/10.1097\/BRS.0000000000000643\" target=\"_blank\" rel=\"noreferrer noopener\">https:\/\/doi.org\/10.1097\/BRS.0000000000000643<\/a>.<\/li>\n\n\n\n<li>Janusz P, Kotwicka M, <strong>Andrusiewicz<\/strong> M, Czaprowski D, Czubak J, Kotwicki T. Estrogen receptors genes polymorphisms and age at menarche in idiopathic scoliosis. BMC Musculoskelet Disord 2014;15:383. <a href=\"https:\/\/doi.org\/10.1186\/1471-2474-15-383\" target=\"_blank\" rel=\"noreferrer noopener\">https:\/\/doi.org\/10.1186\/1471-2474-15-383<\/a>.<\/li>\n\n\n\n<li>Walig\u00f3rska-Stachura J, <strong>Andrusiewicz<\/strong> M, Sawicka-Gutaj N, Biczysko M, Jankowska A, Kubiczak M, et al. Survivin delta Ex3 overexpression in thyroid malignancies. PLoS One 2014;9:e100534. <a href=\"https:\/\/doi.org\/10.1371\/journal.pone.0100534\" target=\"_blank\" rel=\"noreferrer noopener\">https:\/\/doi.org\/10.1371\/journal.pone.0100534<\/a>.<\/li>\n\n\n\n<li>Janusz P, Kotwicki T, <strong>Andrusiewicz<\/strong> M, Kotwicka M. XbaI and PvuII Polymorphisms of Estrogen Receptor 1 Gene in Females with Idiopathic Scoliosis: No Association with Occurrence or Clinical Form. PLoS One 2013;8:e76806. <a href=\"https:\/\/doi.org\/10.1371\/journal.pone.0076806\" target=\"_blank\" rel=\"noreferrer noopener\">https:\/\/doi.org\/10.1371\/journal.pone.0076806<\/a>.<\/li>\n\n\n\n<li>Rusin B, Kotwicki T, G\u0142odek A, <strong>Andrusiewicz<\/strong> M, Urbaniak P, Kotwicka M. Estrogen receptor 2 expression in back muscles of girls with idiopathic scoliosis - Relation to radiological parameters. Stud. Health Technol. Inform., vol. 176, 2012, p. 59\u201362. <a href=\"https:\/\/doi.org\/10.3233\/978-1-61499-067-3-59\" target=\"_blank\" rel=\"noreferrer noopener\">https:\/\/doi.org\/10.3233\/978-1-61499-067-3-59<\/a>.<\/li>\n\n\n\n<li><strong>Andrusiewicz<\/strong> M, Szczerba A, Wo\u0142u\u0144-Cholewa M, Warcho\u0142 W, Nowak-Markwitz E, Gasiorowska E, et al. CGB and GNRH1 expression analysis as a method of tumor cells metastatic spread detection in patients with gynecological malignances. J Transl Med 2011;9:130. <a href=\"https:\/\/doi.org\/10.1186\/1479-5876-9-130\" target=\"_blank\" rel=\"noreferrer noopener\">https:\/\/doi.org\/10.1186\/1479-5876-9-130<\/a>.<\/li>\n\n\n\n<li>Salaverria I, Philipp C, Oschlies I, Kohler CW, Kreuz M, Szczepanowski M, et al. Translocations activating IRF4 identify a subtype of germinal center-derived B-cell lymphoma affecting predominantly children and young adults. Blood 2011;118:139\u201347. <a href=\"https:\/\/doi.org\/10.1182\/blood-2011-01-330795\" target=\"_blank\" rel=\"noreferrer noopener\">https:\/\/doi.org\/10.1182\/blood-2011-01-330795<\/a>.<\/li>\n\n\n\n<li>Jankowska A, <strong>Andrusiewicz<\/strong> M, Fischer N, Warchol J. Expression of hCG and GnRHs and their receptors in endometrial carcinoma and hyperplasia. Int J Gynecol Cancer 2010;20:92\u2013101. <a href=\"https:\/\/doi.org\/10.1111\/IGC.0b013e3181bbe933\" target=\"_blank\" rel=\"noreferrer noopener\">https:\/\/doi.org\/10.1111\/IGC.0b013e3181bbe933<\/a>.<\/li>\n\n\n\n<li>Wo\u0142u\u0144-Cholewa M, Szymanowski K, <strong>Andrusiewicz<\/strong> M, Warcho\u0142 W. Studies on function of P-glycoprotein in photodynamic therapy of endometriosis. Photomed Laser Surg 2010;28:735\u201340. <a href=\"https:\/\/doi.org\/10.1089\/pho.2009.2657\" target=\"_blank\" rel=\"noreferrer noopener\">https:\/\/doi.org\/10.1089\/pho.2009.2657<\/a>.<\/li>\n\n\n\n<li>Jankowska A, <strong>Andrusiewicz<\/strong> M, Grabowski J, Nowak-Markwitz E, Warchol JB. Coexpression of human chorionic gonadotropin beta subunit and its receptor in nontrophoblastic gynecological cancer. Int J Gynecol Cancer 2008;18:1102\u20137. <a href=\"https:\/\/doi.org\/10.1111\/j.1525-1438.2007.01151.x\" target=\"_blank\" rel=\"noreferrer noopener\">https:\/\/doi.org\/10.1111\/j.1525-1438.2007.01151.x<\/a>.<\/li>\n\n\n\n<li>Jankowska A, Gunderson SI, <strong>Andrusiewicz<\/strong> M, Burczynska B, Szczerba A, Jarmolowski A, et al. Reduction of human chorionic gonadotropin beta subunit expression by modified U1 snRNA caused apoptosis in cervical cancer cells. Mol Cancer 2008;7:26. <a href=\"https:\/\/doi.org\/10.1186\/1476-4598-7-26\" target=\"_blank\" rel=\"noreferrer noopener\">https:\/\/doi.org\/10.1186\/1476-4598-7-26<\/a>.<\/li>\n\n\n\n<li>Jankowska A, Wasko R, Waligorska-Stachura J, <strong>Andrusiewicz<\/strong> M, Jaskula M, Liebert W, et al. Survivin products in pituitary tumors. Neuroendocrinol Lett 2008;29:1033\u20137. <a href=\"https:\/\/www.nel.edu\/userfiles\/articlesnew\/NEL290608A06.pdf\" target=\"_blank\" rel=\"noreferrer noopener\">https:\/\/www.nel.edu\/userfiles\/articlesnew\/NEL290608A06.pdf<\/a>.<\/li>\n\n\n\n<li>Wasko R, Jaskula M, Kotwicka M, <strong>Andrusiewicz<\/strong> M, Jankowska A, Liebert WWW, et al. The expression of ghrelin in somatotroph and other types of pituitary adenomas. Neuroendocrinol Lett 2008;29:929\u201338. <a href=\"https:\/\/www.nel.edu\/userfiles\/articlesnew\/NEL290608A05.pdf\" target=\"_blank\" rel=\"noreferrer noopener\">https:\/\/www.nel.edu\/userfiles\/articlesnew\/NEL290608A05.pdf<\/a><\/li>\n\n\n\n<li>Wasko R, Jankowska A, Waligorska-Stachura J, <strong>Andrusiewicz<\/strong> M, Jaskula M, Sowinski J. Survivin expression in pituitary adenomas. Neuro Endocrinol Lett 2005;26:209\u201312. <a href=\"https:\/\/www.nel.edu\/userfiles\/articlesnew\/NEL260305A03.pdf\" target=\"_blank\" rel=\"noreferrer noopener\">https:\/\/www.nel.edu\/userfiles\/articlesnew\/NEL290608A05.pdf<\/a><\/li>\n\n\n\n<li>Nowak-Markwitz E, Jankowska A, <strong>Andrusiewicz<\/strong> M, Szczerba A. Expression of beta-human chorionic gonadotropin in ovarian cancer tissue. Eur J Gynaecol Oncol 2004;25:465\u20139. <a href=\"https:\/\/www.imrpress.com\/journal\/EJGO\/25\/4\/pii\/2004207\" target=\"_blank\" rel=\"noreferrer noopener\">https:\/\/www.imrpress.com\/journal\/EJGO\/25\/4\/pii\/2004207<\/a><\/li>\n\n\n\n<li>Nowak-Markwitz E, Jankowska A, Szczerba A, <strong>Andrusiewicz<\/strong> M. Human chorionic gonadotropin-beta in endometrium cancer tissue. Eur J Gynaecol Oncol 2004;25:351\u20134. <a href=\"https:\/\/www.imrpress.com\/journal\/EJGO\/25\/3\/pii\/2004180\" target=\"_blank\" rel=\"noreferrer noopener\">https:\/\/www.imrpress.com\/journal\/EJGO\/25\/3\/pii\/2004180<\/a><\/li>\n<\/ol>\n<\/div><\/div>","protected":false},"excerpt":{"rendered":"","protected":false},"author":1,"featured_media":0,"parent":619,"menu_order":0,"comment_status":"closed","ping_status":"closed","template":"","meta":{"footnotes":""},"class_list":["post-634","page","type-page","status-publish","hentry"],"_links":{"self":[{"href":"https:\/\/www.mirekandrusiewicz.pl\/index.php?rest_route=\/wp\/v2\/pages\/634","targetHints":{"allow":["GET"]}}],"collection":[{"href":"https:\/\/www.mirekandrusiewicz.pl\/index.php?rest_route=\/wp\/v2\/pages"}],"about":[{"href":"https:\/\/www.mirekandrusiewicz.pl\/index.php?rest_route=\/wp\/v2\/types\/page"}],"author":[{"embeddable":true,"href":"https:\/\/www.mirekandrusiewicz.pl\/index.php?rest_route=\/wp\/v2\/users\/1"}],"replies":[{"embeddable":true,"href":"https:\/\/www.mirekandrusiewicz.pl\/index.php?rest_route=%2Fwp%2Fv2%2Fcomments&post=634"}],"version-history":[{"count":16,"href":"https:\/\/www.mirekandrusiewicz.pl\/index.php?rest_route=\/wp\/v2\/pages\/634\/revisions"}],"predecessor-version":[{"id":791,"href":"https:\/\/www.mirekandrusiewicz.pl\/index.php?rest_route=\/wp\/v2\/pages\/634\/revisions\/791"}],"up":[{"embeddable":true,"href":"https:\/\/www.mirekandrusiewicz.pl\/index.php?rest_route=\/wp\/v2\/pages\/619"}],"wp:attachment":[{"href":"https:\/\/www.mirekandrusiewicz.pl\/index.php?rest_route=%2Fwp%2Fv2%2Fmedia&parent=634"}],"curies":[{"name":"wp","href":"https:\/\/api.w.org\/{rel}","templated":true}]}}