{"id":637,"date":"2021-08-08T09:50:52","date_gmt":"2021-08-08T07:50:52","guid":{"rendered":"https:\/\/www.mirekandrusiewicz.pl\/?page_id=637"},"modified":"2021-08-08T10:47:01","modified_gmt":"2021-08-08T08:47:01","slug":"awards","status":"publish","type":"page","link":"https:\/\/www.mirekandrusiewicz.pl\/?page_id=637&lang=en","title":{"rendered":"AWARDS"},"content":{"rendered":"<div id=\"dslc-theme-content\"><div id=\"dslc-theme-content-inner\"><div id=\"envira-gallery-wrap-214\" class=\"envira-gallery-wrap envira-gallery-theme-base envira-lightbox-theme-base\" itemscope itemtype=\"https:\/\/schema.org\/ImageGallery\"><div data-row-height=\"150\" data-gallery-theme=\"normal\" id=\"envira-gallery-214\" class=\"envira-gallery-public envira-gallery-justified-public envira-gallery-0-columns envira-clear enviratope envira-gallery-css-animations\" data-envira-columns=\"0\"><div id=\"envira-gallery-item-513\" class=\"envira-gallery-item enviratope-item envira-gallery-item-1\" style=\"padding-left: 5px; padding-bottom: 10px; padding-right: 5px;\"  itemscope itemtype=\"https:\/\/schema.org\/ImageObject\"><div class=\"envira-gallery-item-inner\"><div class=\"envira-gallery-position-overlay  envira-gallery-top-left\"><\/div><div class=\"envira-gallery-position-overlay  envira-gallery-top-right\"><\/div><div class=\"envira-gallery-position-overlay  envira-gallery-bottom-left\"><\/div><div class=\"envira-gallery-position-overlay  envira-gallery-bottom-right\"><\/div><a href=\"http:\/\/www.mirekandrusiewicz.pl\/wp-content\/uploads\/2016\/12\/2017-Zespo\u0142owa-nagroda-naukowa.jpeg\" class=\"envira-gallery-214 envira-gallery-link\" rel=\"enviragallery214\" title=\"2017 Zespo\u0142owa nagroda naukowa\" data-envira-caption=\"2017 Zespo\u0142owa nagroda naukowa\" data-envira-retina=\"\" data-thumbnail=\"\"  itemprop=\"contentUrl\"><img decoding=\"async\" id=\"envira-gallery-image-513\" class=\"envira-gallery-image envira-gallery-image-1 envira-normal \" data-envira-index=\"1\" src=\"https:\/\/www.mirekandrusiewicz.pl\/wp-content\/uploads\/2016\/12\/2017-Zespo\u0142owa-nagroda-naukowa-744x1024-640x480.jpeg\" data-envira-src=\"https:\/\/www.mirekandrusiewicz.pl\/wp-content\/uploads\/2016\/12\/2017-Zespo\u0142owa-nagroda-naukowa-744x1024-640x480.jpeg\" data-envira-gallery-id=\"214\" data-envira-item-id=\"513\" data-envira-caption=\"2017 Zespo\u0142owa nagroda naukowa\" alt=\"\" title=\"2017 Zespo\u0142owa nagroda naukowa\"  itemprop=\"thumbnailUrl\" data-envira-srcset=\"https:\/\/www.mirekandrusiewicz.pl\/wp-content\/uploads\/2016\/12\/2017-Zespo\u0142owa-nagroda-naukowa-744x1024-640x480.jpeg 400w,https:\/\/www.mirekandrusiewicz.pl\/wp-content\/uploads\/2016\/12\/2017-Zespo\u0142owa-nagroda-naukowa-744x1024-640x480.jpeg 2x\" data-envira-width=\"218\" data-envira-height=\"300\" srcset=\"https:\/\/www.mirekandrusiewicz.pl\/wp-content\/uploads\/2016\/12\/2017-Zespo\u0142owa-nagroda-naukowa-1280x960.jpeg 2x\" data-safe-src=\"https:\/\/www.mirekandrusiewicz.pl\/wp-content\/uploads\/2016\/12\/2017-Zespo\u0142owa-nagroda-naukowa-744x1024-640x480.jpeg\" \/><\/a><\/div><\/div><div id=\"envira-gallery-item-222\" class=\"envira-gallery-item enviratope-item envira-gallery-item-2\" style=\"padding-left: 5px; padding-bottom: 10px; padding-right: 5px;\"  itemscope itemtype=\"https:\/\/schema.org\/ImageObject\"><div class=\"envira-gallery-item-inner\"><div class=\"envira-gallery-position-overlay  envira-gallery-top-left\"><\/div><div class=\"envira-gallery-position-overlay  envira-gallery-top-right\"><\/div><div class=\"envira-gallery-position-overlay  envira-gallery-bottom-left\"><\/div><div class=\"envira-gallery-position-overlay  envira-gallery-bottom-right\"><\/div><a href=\"http:\/\/www.mirekandrusiewicz.pl\/wp-content\/uploads\/2016\/12\/2016_braz_medal_zas.png\" class=\"envira-gallery-214 envira-gallery-link\" rel=\"enviragallery214\" title=\"2016 Br\u0105zowy Krzy\u017c za zas\u0142ugi na rzecz ochrony zdrowia\" data-envira-caption=\"2016 Br\u0105zowy Krzy\u017c za zas\u0142ugi na rzecz ochrony zdrowia\" data-envira-retina=\"\" data-thumbnail=\"\"  itemprop=\"contentUrl\"><img decoding=\"async\" id=\"envira-gallery-image-222\" class=\"envira-gallery-image envira-gallery-image-2 envira-normal \" data-envira-index=\"2\" src=\"https:\/\/www.mirekandrusiewicz.pl\/wp-content\/uploads\/2016\/12\/2016_braz_medal_zas-640x480.png\" data-envira-src=\"https:\/\/www.mirekandrusiewicz.pl\/wp-content\/uploads\/2016\/12\/2016_braz_medal_zas-640x480.png\" data-envira-gallery-id=\"214\" data-envira-item-id=\"222\" data-envira-caption=\"2016 Br\u0105zowy Krzy\u017c za zas\u0142ugi na rzecz ochrony zdrowia\" alt=\"2016 Br\u0105zowy Krzy\u017c za zas\u0142ugi na rzecz ochrony zdrowia\" title=\"2016 Br\u0105zowy Krzy\u017c za zas\u0142ugi na rzecz ochrony zdrowia\"  itemprop=\"thumbnailUrl\" data-envira-srcset=\"https:\/\/www.mirekandrusiewicz.pl\/wp-content\/uploads\/2016\/12\/2016_braz_medal_zas-640x480.png 400w,https:\/\/www.mirekandrusiewicz.pl\/wp-content\/uploads\/2016\/12\/2016_braz_medal_zas-640x480.png 2x\" data-envira-width=\"164\" data-envira-height=\"300\" srcset=\"https:\/\/www.mirekandrusiewicz.pl\/wp-content\/uploads\/2016\/12\/2016_braz_medal_zas-1280x960.png 2x\" data-safe-src=\"https:\/\/www.mirekandrusiewicz.pl\/wp-content\/uploads\/2016\/12\/2016_braz_medal_zas-640x480.png\" \/><\/a><\/div><\/div><div id=\"envira-gallery-item-220\" class=\"envira-gallery-item enviratope-item envira-gallery-item-3\" style=\"padding-left: 5px; padding-bottom: 10px; padding-right: 5px;\"  itemscope itemtype=\"https:\/\/schema.org\/ImageObject\"><div class=\"envira-gallery-item-inner\"><div class=\"envira-gallery-position-overlay  envira-gallery-top-left\"><\/div><div class=\"envira-gallery-position-overlay  envira-gallery-top-right\"><\/div><div class=\"envira-gallery-position-overlay  envira-gallery-bottom-left\"><\/div><div class=\"envira-gallery-position-overlay  envira-gallery-bottom-right\"><\/div><a href=\"http:\/\/www.mirekandrusiewicz.pl\/wp-content\/uploads\/2016\/12\/2015_avers_medal.png\" class=\"envira-gallery-214 envira-gallery-link\" rel=\"enviragallery214\" title=\"2015 Awersodznaczenia za dzia\u0142alno\u015b\u0107 na rzecz Wydzia\u0142u Nauk o Zdrowiu UMP\" data-envira-caption=\"2015 Awersodznaczenia za dzia\u0142alno\u015b\u0107 na rzecz Wydzia\u0142u Nauk o Zdrowiu UMP\" data-envira-retina=\"\" data-thumbnail=\"\"  itemprop=\"contentUrl\"><img decoding=\"async\" id=\"envira-gallery-image-220\" class=\"envira-gallery-image envira-gallery-image-3 envira-normal \" data-envira-index=\"3\" src=\"https:\/\/www.mirekandrusiewicz.pl\/wp-content\/uploads\/2016\/12\/2015_avers_medal-640x480.png\" data-envira-src=\"https:\/\/www.mirekandrusiewicz.pl\/wp-content\/uploads\/2016\/12\/2015_avers_medal-640x480.png\" data-envira-gallery-id=\"214\" data-envira-item-id=\"220\" data-envira-caption=\"2015 Awersodznaczenia za dzia\u0142alno\u015b\u0107 na rzecz Wydzia\u0142u Nauk o Zdrowiu UMP\" alt=\"2015 Rewers odznaczenia za dzia\u0142alno\u015b\u0107 na rzecz Wydzia\u0142u Nauk o Zdrowiu UMP\" title=\"2015 Awersodznaczenia za dzia\u0142alno\u015b\u0107 na rzecz Wydzia\u0142u Nauk o Zdrowiu UMP\"  itemprop=\"thumbnailUrl\" data-envira-srcset=\"https:\/\/www.mirekandrusiewicz.pl\/wp-content\/uploads\/2016\/12\/2015_avers_medal-640x480.png 400w,https:\/\/www.mirekandrusiewicz.pl\/wp-content\/uploads\/2016\/12\/2015_avers_medal-640x480.png 2x\" data-envira-width=\"298\" data-envira-height=\"300\" srcset=\"https:\/\/www.mirekandrusiewicz.pl\/wp-content\/uploads\/2016\/12\/2015_avers_medal-1280x960.png 2x\" data-safe-src=\"https:\/\/www.mirekandrusiewicz.pl\/wp-content\/uploads\/2016\/12\/2015_avers_medal-640x480.png\" \/><\/a><\/div><\/div><div id=\"envira-gallery-item-221\" class=\"envira-gallery-item enviratope-item envira-gallery-item-4\" style=\"padding-left: 5px; padding-bottom: 10px; padding-right: 5px;\"  itemscope itemtype=\"https:\/\/schema.org\/ImageObject\"><div class=\"envira-gallery-item-inner\"><div class=\"envira-gallery-position-overlay  envira-gallery-top-left\"><\/div><div class=\"envira-gallery-position-overlay  envira-gallery-top-right\"><\/div><div class=\"envira-gallery-position-overlay  envira-gallery-bottom-left\"><\/div><div class=\"envira-gallery-position-overlay  envira-gallery-bottom-right\"><\/div><a href=\"http:\/\/www.mirekandrusiewicz.pl\/wp-content\/uploads\/2016\/12\/2015_revers_med.png\" class=\"envira-gallery-214 envira-gallery-link\" rel=\"enviragallery214\" title=\"2015 Rewers odznaczenia za dzia\u0142alno\u015b\u0107 na rzecz Wydzia\u0142u Nauk o Zdrowiu UMP\" data-envira-caption=\"2015 Rewers odznaczenia za dzia\u0142alno\u015b\u0107 na rzecz Wydzia\u0142u Nauk o Zdrowiu UMP\" data-envira-retina=\"\" data-thumbnail=\"\"  itemprop=\"contentUrl\"><img decoding=\"async\" id=\"envira-gallery-image-221\" class=\"envira-gallery-image envira-gallery-image-4 envira-normal \" data-envira-index=\"4\" src=\"https:\/\/www.mirekandrusiewicz.pl\/wp-content\/uploads\/2016\/12\/2015_revers_med-640x480.png\" data-envira-src=\"https:\/\/www.mirekandrusiewicz.pl\/wp-content\/uploads\/2016\/12\/2015_revers_med-640x480.png\" data-envira-gallery-id=\"214\" data-envira-item-id=\"221\" data-envira-caption=\"2015 Rewers odznaczenia za dzia\u0142alno\u015b\u0107 na rzecz Wydzia\u0142u Nauk o Zdrowiu UMP\" alt=\"2015 Rewers odznaczenia za dzia\u0142alno\u015b\u0107 na rzecz Wydzia\u0142u Nauk o Zdrowiu UMP\" title=\"2015 Rewers odznaczenia za dzia\u0142alno\u015b\u0107 na rzecz Wydzia\u0142u Nauk o Zdrowiu UMP\"  itemprop=\"thumbnailUrl\" data-envira-srcset=\"https:\/\/www.mirekandrusiewicz.pl\/wp-content\/uploads\/2016\/12\/2015_revers_med-640x480.png 400w,https:\/\/www.mirekandrusiewicz.pl\/wp-content\/uploads\/2016\/12\/2015_revers_med-640x480.png 2x\" data-envira-width=\"300\" data-envira-height=\"291\" srcset=\"https:\/\/www.mirekandrusiewicz.pl\/wp-content\/uploads\/2016\/12\/2015_revers_med-1280x960.png 2x\" data-safe-src=\"https:\/\/www.mirekandrusiewicz.pl\/wp-content\/uploads\/2016\/12\/2015_revers_med-640x480.png\" \/><\/a><\/div><\/div><div id=\"envira-gallery-item-219\" class=\"envira-gallery-item enviratope-item envira-gallery-item-5\" style=\"padding-left: 5px; padding-bottom: 10px; padding-right: 5px;\"  itemscope itemtype=\"https:\/\/schema.org\/ImageObject\"><div class=\"envira-gallery-item-inner\"><div class=\"envira-gallery-position-overlay  envira-gallery-top-left\"><\/div><div class=\"envira-gallery-position-overlay  envira-gallery-top-right\"><\/div><div class=\"envira-gallery-position-overlay  envira-gallery-bottom-left\"><\/div><div class=\"envira-gallery-position-overlay  envira-gallery-bottom-right\"><\/div><a href=\"http:\/\/www.mirekandrusiewicz.pl\/wp-content\/uploads\/2016\/12\/2013_indywid_dyd-2.png\" class=\"envira-gallery-214 envira-gallery-link\" rel=\"enviragallery214\" title=\"2013 Indywidualna nagroda dydaktyczna Rektora UMP\" data-envira-caption=\"2013 Indywidualna nagroda dydaktyczna Rektora UMP\" data-envira-retina=\"\" data-thumbnail=\"\"  itemprop=\"contentUrl\"><img decoding=\"async\" id=\"envira-gallery-image-219\" class=\"envira-gallery-image envira-gallery-image-5 envira-normal \" data-envira-index=\"5\" src=\"https:\/\/www.mirekandrusiewicz.pl\/wp-content\/uploads\/2016\/12\/2013_indywid_dyd-2-744x1024-640x480.png\" data-envira-src=\"https:\/\/www.mirekandrusiewicz.pl\/wp-content\/uploads\/2016\/12\/2013_indywid_dyd-2-744x1024-640x480.png\" data-envira-gallery-id=\"214\" data-envira-item-id=\"219\" data-envira-caption=\"2013 Indywidualna nagroda dydaktyczna Rektora UMP\" alt=\"2013 Indywidualna nagroda dydaktyczna Rektora UMP\" title=\"2013 Indywidualna nagroda dydaktyczna Rektora UMP\"  itemprop=\"thumbnailUrl\" data-envira-srcset=\"https:\/\/www.mirekandrusiewicz.pl\/wp-content\/uploads\/2016\/12\/2013_indywid_dyd-2-744x1024-640x480.png 400w,https:\/\/www.mirekandrusiewicz.pl\/wp-content\/uploads\/2016\/12\/2013_indywid_dyd-2-744x1024-640x480.png 2x\" data-envira-width=\"218\" data-envira-height=\"300\" srcset=\"https:\/\/www.mirekandrusiewicz.pl\/wp-content\/uploads\/2016\/12\/2013_indywid_dyd-2-1280x960.png 2x\" data-safe-src=\"https:\/\/www.mirekandrusiewicz.pl\/wp-content\/uploads\/2016\/12\/2013_indywid_dyd-2-744x1024-640x480.png\" \/><\/a><\/div><\/div><div id=\"envira-gallery-item-217\" class=\"envira-gallery-item enviratope-item envira-gallery-item-6\" style=\"padding-left: 5px; padding-bottom: 10px; padding-right: 5px;\"  itemscope itemtype=\"https:\/\/schema.org\/ImageObject\"><div class=\"envira-gallery-item-inner\"><div class=\"envira-gallery-position-overlay  envira-gallery-top-left\"><\/div><div class=\"envira-gallery-position-overlay  envira-gallery-top-right\"><\/div><div class=\"envira-gallery-position-overlay  envira-gallery-bottom-left\"><\/div><div class=\"envira-gallery-position-overlay  envira-gallery-bottom-right\"><\/div><a href=\"http:\/\/www.mirekandrusiewicz.pl\/wp-content\/uploads\/2016\/12\/2012_Indywiduala_nagroda_naukowa-2.png\" class=\"envira-gallery-214 envira-gallery-link\" rel=\"enviragallery214\" title=\"2012 Indywidualna nagroda naukowa Rektora UMP\" data-envira-caption=\"2012 Indywidualna nagroda naukowa Rektora UMP\" data-envira-retina=\"\" data-thumbnail=\"\"  itemprop=\"contentUrl\"><img decoding=\"async\" id=\"envira-gallery-image-217\" class=\"envira-gallery-image envira-gallery-image-6 envira-normal \" data-envira-index=\"6\" src=\"https:\/\/www.mirekandrusiewicz.pl\/wp-content\/uploads\/2016\/12\/2012_Indywiduala_nagroda_naukowa-2-744x1024-640x480.png\" data-envira-src=\"https:\/\/www.mirekandrusiewicz.pl\/wp-content\/uploads\/2016\/12\/2012_Indywiduala_nagroda_naukowa-2-744x1024-640x480.png\" data-envira-gallery-id=\"214\" data-envira-item-id=\"217\" data-envira-caption=\"2012 Indywidualna nagroda naukowa Rektora UMP\" alt=\"2012 Indywidualna nagroda naukowa Rektora UMP\" title=\"2012 Indywidualna nagroda naukowa Rektora UMP\"  itemprop=\"thumbnailUrl\" data-envira-srcset=\"https:\/\/www.mirekandrusiewicz.pl\/wp-content\/uploads\/2016\/12\/2012_Indywiduala_nagroda_naukowa-2-744x1024-640x480.png 400w,https:\/\/www.mirekandrusiewicz.pl\/wp-content\/uploads\/2016\/12\/2012_Indywiduala_nagroda_naukowa-2-744x1024-640x480.png 2x\" data-envira-width=\"218\" data-envira-height=\"300\" srcset=\"https:\/\/www.mirekandrusiewicz.pl\/wp-content\/uploads\/2016\/12\/2012_Indywiduala_nagroda_naukowa-2-1280x960.png 2x\" data-safe-src=\"https:\/\/www.mirekandrusiewicz.pl\/wp-content\/uploads\/2016\/12\/2012_Indywiduala_nagroda_naukowa-2-744x1024-640x480.png\" \/><\/a><\/div><\/div><div id=\"envira-gallery-item-218\" class=\"envira-gallery-item enviratope-item envira-gallery-item-7\" style=\"padding-left: 5px; padding-bottom: 10px; padding-right: 5px;\"  itemscope itemtype=\"https:\/\/schema.org\/ImageObject\"><div class=\"envira-gallery-item-inner\"><div class=\"envira-gallery-position-overlay  envira-gallery-top-left\"><\/div><div class=\"envira-gallery-position-overlay  envira-gallery-top-right\"><\/div><div class=\"envira-gallery-position-overlay  envira-gallery-bottom-left\"><\/div><div class=\"envira-gallery-position-overlay  envira-gallery-bottom-right\"><\/div><a href=\"http:\/\/www.mirekandrusiewicz.pl\/wp-content\/uploads\/2016\/12\/2012_list_gratulayjny_dyd-2.png\" class=\"envira-gallery-214 envira-gallery-link\" rel=\"enviragallery214\" title=\"2012 List gratulacyjny za dzia\u0142alno\u015b\u0107 dydaktyczn\u0105\" data-envira-caption=\"2012 List gratulacyjny za dzia\u0142alno\u015b\u0107 dydaktyczn\u0105\" data-envira-retina=\"\" data-thumbnail=\"\"  itemprop=\"contentUrl\"><img decoding=\"async\" id=\"envira-gallery-image-218\" class=\"envira-gallery-image envira-gallery-image-7 envira-normal \" data-envira-index=\"7\" src=\"https:\/\/www.mirekandrusiewicz.pl\/wp-content\/uploads\/2016\/12\/2012_list_gratulayjny_dyd-2-744x1024-640x480.png\" data-envira-src=\"https:\/\/www.mirekandrusiewicz.pl\/wp-content\/uploads\/2016\/12\/2012_list_gratulayjny_dyd-2-744x1024-640x480.png\" data-envira-gallery-id=\"214\" data-envira-item-id=\"218\" data-envira-caption=\"2012 List gratulacyjny za dzia\u0142alno\u015b\u0107 dydaktyczn\u0105\" alt=\"2012 List gratulacyjny za dzia\u0142alno\u015b\u0107 dydaktyczn\u0105\" title=\"2012 List gratulacyjny za dzia\u0142alno\u015b\u0107 dydaktyczn\u0105\"  itemprop=\"thumbnailUrl\" data-envira-srcset=\"https:\/\/www.mirekandrusiewicz.pl\/wp-content\/uploads\/2016\/12\/2012_list_gratulayjny_dyd-2-744x1024-640x480.png 400w,https:\/\/www.mirekandrusiewicz.pl\/wp-content\/uploads\/2016\/12\/2012_list_gratulayjny_dyd-2-744x1024-640x480.png 2x\" data-envira-width=\"218\" data-envira-height=\"300\" srcset=\"https:\/\/www.mirekandrusiewicz.pl\/wp-content\/uploads\/2016\/12\/2012_list_gratulayjny_dyd-2-1280x960.png 2x\" data-safe-src=\"https:\/\/www.mirekandrusiewicz.pl\/wp-content\/uploads\/2016\/12\/2012_list_gratulayjny_dyd-2-744x1024-640x480.png\" \/><\/a><\/div><\/div><div id=\"envira-gallery-item-216\" class=\"envira-gallery-item enviratope-item envira-gallery-item-8\" style=\"padding-left: 5px; padding-bottom: 10px; padding-right: 5px;\"  itemscope itemtype=\"https:\/\/schema.org\/ImageObject\"><div class=\"envira-gallery-item-inner\"><div class=\"envira-gallery-position-overlay  envira-gallery-top-left\"><\/div><div class=\"envira-gallery-position-overlay  envira-gallery-top-right\"><\/div><div class=\"envira-gallery-position-overlay  envira-gallery-bottom-left\"><\/div><div class=\"envira-gallery-position-overlay  envira-gallery-bottom-right\"><\/div><a href=\"http:\/\/www.mirekandrusiewicz.pl\/wp-content\/uploads\/2016\/12\/2006-7_Nagroda_nauk-2.png\" class=\"envira-gallery-214 envira-gallery-link\" rel=\"enviragallery214\" title=\"2007 Indywidualna nagroda naukowa Rektora UMP\" data-envira-caption=\"2007 Indywidualna nagroda naukowa Rektora UMP\" data-envira-retina=\"\" data-thumbnail=\"\"  itemprop=\"contentUrl\"><img decoding=\"async\" id=\"envira-gallery-image-216\" class=\"envira-gallery-image envira-gallery-image-8 envira-normal \" data-envira-index=\"8\" src=\"https:\/\/www.mirekandrusiewicz.pl\/wp-content\/uploads\/2016\/12\/2006-7_Nagroda_nauk-2-744x1024-640x480.png\" data-envira-src=\"https:\/\/www.mirekandrusiewicz.pl\/wp-content\/uploads\/2016\/12\/2006-7_Nagroda_nauk-2-744x1024-640x480.png\" data-envira-gallery-id=\"214\" data-envira-item-id=\"216\" data-envira-caption=\"2007 Indywidualna nagroda naukowa Rektora UMP\" alt=\"2007 Indywidualna nagroda naukowa Rektora UMP\" title=\"2007 Indywidualna nagroda naukowa Rektora UMP\"  itemprop=\"thumbnailUrl\" data-envira-srcset=\"https:\/\/www.mirekandrusiewicz.pl\/wp-content\/uploads\/2016\/12\/2006-7_Nagroda_nauk-2-744x1024-640x480.png 400w,https:\/\/www.mirekandrusiewicz.pl\/wp-content\/uploads\/2016\/12\/2006-7_Nagroda_nauk-2-744x1024-640x480.png 2x\" data-envira-width=\"218\" data-envira-height=\"300\" srcset=\"https:\/\/www.mirekandrusiewicz.pl\/wp-content\/uploads\/2016\/12\/2006-7_Nagroda_nauk-2-1280x960.png 2x\" data-safe-src=\"https:\/\/www.mirekandrusiewicz.pl\/wp-content\/uploads\/2016\/12\/2006-7_Nagroda_nauk-2-744x1024-640x480.png\" \/><\/a><\/div><\/div><div id=\"envira-gallery-item-223\" class=\"envira-gallery-item enviratope-item envira-gallery-item-9\" style=\"padding-left: 5px; padding-bottom: 10px; padding-right: 5px;\"  itemscope itemtype=\"https:\/\/schema.org\/ImageObject\"><div class=\"envira-gallery-item-inner\"><div class=\"envira-gallery-position-overlay  envira-gallery-top-left\"><\/div><div class=\"envira-gallery-position-overlay  envira-gallery-top-right\"><\/div><div class=\"envira-gallery-position-overlay  envira-gallery-bottom-left\"><\/div><div class=\"envira-gallery-position-overlay  envira-gallery-bottom-right\"><\/div><a href=\"http:\/\/www.mirekandrusiewicz.pl\/wp-content\/uploads\/2016\/12\/2002_Samorzad_nagroda.png\" class=\"envira-gallery-214 envira-gallery-link\" rel=\"enviragallery214\" title=\"2002 Nagroda za dzia\u0142alno\u015b\u0107 w samorz\u0105dzie Student&oacute;w wydzia\u0142u Biologii UAM\" data-envira-caption=\"2002 Nagroda za dzia\u0142alno\u015b\u0107 w samorz\u0105dzie Student&oacute;w wydzia\u0142u Biologii UAM\" data-envira-retina=\"\" data-thumbnail=\"\"  itemprop=\"contentUrl\"><img decoding=\"async\" id=\"envira-gallery-image-223\" class=\"envira-gallery-image envira-gallery-image-9 envira-normal \" data-envira-index=\"9\" src=\"https:\/\/www.mirekandrusiewicz.pl\/wp-content\/uploads\/2016\/12\/2002_Samorzad_nagroda-744x1024-640x480.png\" data-envira-src=\"https:\/\/www.mirekandrusiewicz.pl\/wp-content\/uploads\/2016\/12\/2002_Samorzad_nagroda-744x1024-640x480.png\" data-envira-gallery-id=\"214\" data-envira-item-id=\"223\" data-envira-caption=\"2002 Nagroda za dzia\u0142alno\u015b\u0107 w samorz\u0105dzie Student&oacute;w wydzia\u0142u Biologii UAM\" alt=\"2002 Nagroda za dzia\u0142alno\u015b\u0107 w samorz\u0105dzie Student\u00f3w wydzia\u0142u Biologii UAM\" title=\"2002 Nagroda za dzia\u0142alno\u015b\u0107 w samorz\u0105dzie Student\u00f3w wydzia\u0142u Biologii UAM\"  itemprop=\"thumbnailUrl\" data-envira-srcset=\"https:\/\/www.mirekandrusiewicz.pl\/wp-content\/uploads\/2016\/12\/2002_Samorzad_nagroda-744x1024-640x480.png 400w,https:\/\/www.mirekandrusiewicz.pl\/wp-content\/uploads\/2016\/12\/2002_Samorzad_nagroda-744x1024-640x480.png 2x\" data-envira-width=\"218\" data-envira-height=\"300\" srcset=\"https:\/\/www.mirekandrusiewicz.pl\/wp-content\/uploads\/2016\/12\/2002_Samorzad_nagroda-1280x960.png 2x\" data-safe-src=\"https:\/\/www.mirekandrusiewicz.pl\/wp-content\/uploads\/2016\/12\/2002_Samorzad_nagroda-744x1024-640x480.png\" \/><\/a><\/div><\/div><\/div><\/div><noscript><img decoding=\"async\" src=\"https:\/\/www.mirekandrusiewicz.pl\/wp-content\/uploads\/2016\/12\/2017-Zespo\u0142owa-nagroda-naukowa.jpeg\" alt=\"\" \/><img decoding=\"async\" src=\"https:\/\/www.mirekandrusiewicz.pl\/wp-content\/uploads\/2016\/12\/2016_braz_medal_zas.png\" alt=\"2016 Br\u0105zowy Krzy\u017c za zas\u0142ugi na rzecz ochrony zdrowia\" \/><img decoding=\"async\" src=\"https:\/\/www.mirekandrusiewicz.pl\/wp-content\/uploads\/2016\/12\/2015_avers_medal.png\" alt=\"2015 Rewers odznaczenia za dzia\u0142alno\u015b\u0107 na rzecz Wydzia\u0142u Nauk o Zdrowiu UMP\" \/><img decoding=\"async\" src=\"https:\/\/www.mirekandrusiewicz.pl\/wp-content\/uploads\/2016\/12\/2015_revers_med.png\" alt=\"2015 Rewers odznaczenia za dzia\u0142alno\u015b\u0107 na rzecz Wydzia\u0142u Nauk o Zdrowiu UMP\" \/><img decoding=\"async\" src=\"https:\/\/www.mirekandrusiewicz.pl\/wp-content\/uploads\/2016\/12\/2013_indywid_dyd-2.png\" alt=\"2013 Indywidualna nagroda dydaktyczna Rektora UMP\" \/><img decoding=\"async\" src=\"https:\/\/www.mirekandrusiewicz.pl\/wp-content\/uploads\/2016\/12\/2012_Indywiduala_nagroda_naukowa-2.png\" alt=\"2012 Indywidualna nagroda naukowa Rektora UMP\" \/><img decoding=\"async\" src=\"https:\/\/www.mirekandrusiewicz.pl\/wp-content\/uploads\/2016\/12\/2012_list_gratulayjny_dyd-2.png\" alt=\"2012 List gratulacyjny za dzia\u0142alno\u015b\u0107 dydaktyczn\u0105\" \/><img decoding=\"async\" src=\"https:\/\/www.mirekandrusiewicz.pl\/wp-content\/uploads\/2016\/12\/2006-7_Nagroda_nauk-2.png\" alt=\"2007 Indywidualna nagroda naukowa Rektora UMP\" \/><img decoding=\"async\" src=\"https:\/\/www.mirekandrusiewicz.pl\/wp-content\/uploads\/2016\/12\/2002_Samorzad_nagroda.png\" alt=\"2002 Nagroda za dzia\u0142alno\u015b\u0107 w samorz\u0105dzie Student\u00f3w wydzia\u0142u Biologii UAM\" \/><\/noscript>\n<\/div><\/div>","protected":false},"excerpt":{"rendered":"","protected":false},"author":1,"featured_media":0,"parent":0,"menu_order":4,"comment_status":"closed","ping_status":"closed","template":"","meta":{"footnotes":""},"class_list":["post-637","page","type-page","status-publish","hentry"],"_links":{"self":[{"href":"https:\/\/www.mirekandrusiewicz.pl\/index.php?rest_route=\/wp\/v2\/pages\/637","targetHints":{"allow":["GET"]}}],"collection":[{"href":"https:\/\/www.mirekandrusiewicz.pl\/index.php?rest_route=\/wp\/v2\/pages"}],"about":[{"href":"https:\/\/www.mirekandrusiewicz.pl\/index.php?rest_route=\/wp\/v2\/types\/page"}],"author":[{"embeddable":true,"href":"https:\/\/www.mirekandrusiewicz.pl\/index.php?rest_route=\/wp\/v2\/users\/1"}],"replies":[{"embeddable":true,"href":"https:\/\/www.mirekandrusiewicz.pl\/index.php?rest_route=%2Fwp%2Fv2%2Fcomments&post=637"}],"version-history":[{"count":2,"href":"https:\/\/www.mirekandrusiewicz.pl\/index.php?rest_route=\/wp\/v2\/pages\/637\/revisions"}],"predecessor-version":[{"id":639,"href":"https:\/\/www.mirekandrusiewicz.pl\/index.php?rest_route=\/wp\/v2\/pages\/637\/revisions\/639"}],"wp:attachment":[{"href":"https:\/\/www.mirekandrusiewicz.pl\/index.php?rest_route=%2Fwp%2Fv2%2Fmedia&parent=637"}],"curies":[{"name":"wp","href":"https:\/\/api.w.org\/{rel}","templated":true}]}}